{"id":2349,"date":"2025-10-23T16:21:04","date_gmt":"2025-10-23T16:21:04","guid":{"rendered":"https:\/\/monctonhomebuilders.com\/?page_id=2349"},"modified":"2025-10-23T16:32:13","modified_gmt":"2025-10-23T16:32:13","slug":"nos-statuts","status":"publish","type":"page","link":"https:\/\/monctonhomebuilders.com\/fr\/nos-statuts\/","title":{"rendered":"Nos Statuts"},"content":{"rendered":"\n<div class=\"wp-block-themepunch-revslider revslider\" data-modal=\"false\" data-slidertitle=\"Bylaws\" style=\"\">\n\t\t\t\t<p class=\"rs-p-wp-fix\"><\/p>\n\t\t\t\t<sr7-module data-alias=\"Bylaws\" data-id=\"32\" id=\"SR7_32_1\" class=\"rs-ov-hidden\" data-version=\"6.7.51\">\n\t\t\t\t\t<sr7-adjuster><\/sr7-adjuster>\n\t\t\t\t\t<sr7-content>\n\t\t\t\t\t\t<sr7-slide id=\"SR7_32_1-74STR1\" data-key=\"74STR1\">\n\t\t\t\t\t\t\t<sr7-txt id=\"SR7_32_1-74STR1-1\" class=\"sr7-layer\">GMHBA Bylaws<\/sr7-txt>\n\t\t\t\t\t\t<\/sr7-slide>\n\t\t\t\t\t\t<sr7-slide id=\"SR7_32_1-75\" data-key=\"75\">\n\t\t\t\t\t\t<\/sr7-slide>\n\t\t\t\t\t<\/sr7-content>\n\t\t\t\t\t<image_lists style=\"display:none\">\n\t\t\t\t\t\t<img data-src=\"\/\/monctonhomebuilders.com\/wp-content\/uploads\/2024\/04\/Get-it-in-Writing-1.jpg\" data-libid=\"1370\" data-lib=\"medialibrary\" title=\"Get-it-in-Writing-1\" width=\"0\" height=\"0\" data-dbsrc=\"Ly9tb25jdG9uaG9tZWJ1aWxkZXJzLmNvbS93cC1jb250ZW50L3VwbG9hZHMvMjAyNC8wNC9HZXQtaXQtaW4tV3JpdGluZy0xLmpwZw==\"\/>\n\t\t\t\t\t\t<img data-src=\"\/\/monctonhomebuilders.com\/wp-content\/uploads\/2025\/10\/bylaws1.jpg\" data-libid=\"2346\" data-lib=\"medialibrary\" title=\"bylaws\" width=\"0\" height=\"0\" data-dbsrc=\"Ly9tb25jdG9uaG9tZWJ1aWxkZXJzLmNvbS93cC1jb250ZW50L3VwbG9hZHMvMjAyNS8xMC9ieWxhd3MxLmpwZw==\"\/>\n\t\t\t\t\t<\/image_lists>\n\t\t\t\t<\/sr7-module>\n\t\t\t\t<script>\n\t\t\t\t\twindow.SR7 ??={};SR7.PMH ??={}; SR7.PMH[\"SR7_32_1\"] = {cn:100,state:false,fn: function() { if (window._tpt!==undefined && window._tpt.prepareModuleHeight !== undefined) {  _tpt.prepareModuleHeight({id:\"SR7_32_1\",el:[400,400,300,250,250],type:'standard',shdw:'0',gh:[400,400,300,250,250],gw:[1240,1240,1024,778,480],vpt:['-200px&#039;,&#039;-200px&#039;,&#039;-200px&#039;,&#039;-200px&#039;,&#039;-200px'],size:{fullWidth:true, fullHeight:false},mh:'0',onh:0,onw:0,bg:{color:'{\"type\":\"solid\",\"orig\":\"#107741\",\"string\":\"rgba(16, 119, 65, 1)\"}'}});   SR7.PMH[\"SR7_32_1\"].state=true;} else if(SR7.PMH[\"SR7_32_1\"].cn-->0)\tsetTimeout( SR7.PMH[\"SR7_32_1\"].fn,19);}};SR7.PMH[\"SR7_32_1\" ].fn();\n\t\t\t\t<\/script>\n<\/div>\n\n\n\n<div class=\"wp-block-columns is-layout-flex wp-container-core-columns-is-layout-9d6595d7 wp-block-columns-is-layout-flex\">\n<div class=\"wp-block-column is-layout-flow wp-block-column-is-layout-flow\">\n<p>Nos Statuts<\/p>\n\n\n\n<p>Favoriser l\u2019int\u00e9grit\u00e9. Maintenir la transparence. Renforcer notre industrie. <\/p>\n\n\n\n<p>L\u2019Association des constructeurs d\u2019habitations du Grand Moncton (GMHBA) fonctionne selon un ensemble de statuts visant \u00e0 assurer la transparence, l\u2019\u00e9quit\u00e9 et la bonne gouvernance dans tous les aspects de notre organisation. <\/p>\n\n\n\n<p>Ces statuts d\u00e9finissent la fa\u00e7on dont nous menons nos activit\u00e9s \u2014 des \u00e9lections du conseil d\u2019administration et des cat\u00e9gories de membres aux r\u00e9unions, comit\u00e9s et \u00e0 la gestion financi\u00e8re \u2014 et servent de fondement \u00e0 notre responsabilit\u00e9 collective envers nos membres et la communaut\u00e9 que nous repr\u00e9sentons.<\/p>\n\n\n\n<p>En tant qu\u2019association sans but lucratif dirig\u00e9e par ses membres, les statuts de la GMHBA prot\u00e8gent les int\u00e9r\u00eats des constructeurs et des membres associ\u00e9s tout en demeurant fid\u00e8les \u00e0 notre mission : <em>promouvoir le professionnalisme, la qualit\u00e9 et l\u2019int\u00e9grit\u00e9 au sein de l\u2019industrie de la construction r\u00e9sidentielle.<\/em><\/p>\n\n\n\n<p>Que vous soyez un nouveau membre, un membre de longue date ou un partenaire de l\u2019industrie, nous vous invitons \u00e0 consulter ces statuts afin de mieux comprendre le fonctionnement de votre Association et la mani\u00e8re dont votre voix contribue \u00e0 son orientation future.  <\/p>\n\n\n\n<p><a href=\"https:\/\/monctonhomebuilders.com\/wp-content\/uploads\/2025\/10\/GMHBA-Bylaws-October-19-2023-Final-1.pdf\">T\u00e9l\u00e9charge<\/a>r (en anglais seulement)<\/p>\n\n\n\n<p><\/p>\n\n\n\n<p><\/p>\n<\/div>\n<\/div>\n","protected":false},"excerpt":{"rendered":"<p>Nos Statuts Favoriser l\u2019int\u00e9grit\u00e9. Maintenir la transparence. Renforcer notre industrie. L\u2019Association des constructeurs d\u2019habitations du Grand Moncton (GMHBA) fonctionne selon un ensemble de statuts visant \u00e0 assurer la transparence, l\u2019\u00e9quit\u00e9 et la bonne gouvernance dans tous les aspects de notre organisation. Ces statuts d\u00e9finissent la fa\u00e7on dont nous menons nos activit\u00e9s \u2014 des \u00e9lections du&hellip; <a class=\"more-link\" href=\"https:\/\/monctonhomebuilders.com\/fr\/nos-statuts\/\">Poursuivre la lecture <span class=\"screen-reader-text\">Nos Statuts<\/span><\/a><\/p>\n","protected":false},"author":2,"featured_media":0,"parent":0,"menu_order":0,"comment_status":"closed","ping_status":"closed","template":"","meta":{"footnotes":""},"class_list":["post-2349","page","type-page","status-publish","hentry","entry"],"_links":{"self":[{"href":"https:\/\/monctonhomebuilders.com\/fr\/wp-json\/wp\/v2\/pages\/2349","targetHints":{"allow":["GET"]}}],"collection":[{"href":"https:\/\/monctonhomebuilders.com\/fr\/wp-json\/wp\/v2\/pages"}],"about":[{"href":"https:\/\/monctonhomebuilders.com\/fr\/wp-json\/wp\/v2\/types\/page"}],"author":[{"embeddable":true,"href":"https:\/\/monctonhomebuilders.com\/fr\/wp-json\/wp\/v2\/users\/2"}],"replies":[{"embeddable":true,"href":"https:\/\/monctonhomebuilders.com\/fr\/wp-json\/wp\/v2\/comments?post=2349"}],"version-history":[{"count":5,"href":"https:\/\/monctonhomebuilders.com\/fr\/wp-json\/wp\/v2\/pages\/2349\/revisions"}],"predecessor-version":[{"id":2355,"href":"https:\/\/monctonhomebuilders.com\/fr\/wp-json\/wp\/v2\/pages\/2349\/revisions\/2355"}],"wp:attachment":[{"href":"https:\/\/monctonhomebuilders.com\/fr\/wp-json\/wp\/v2\/media?parent=2349"}],"curies":[{"name":"wp","href":"https:\/\/api.w.org\/{rel}","templated":true}]}}