{"id":345,"date":"2023-12-20T18:07:01","date_gmt":"2023-12-20T18:07:01","guid":{"rendered":"https:\/\/www.monctonhomebuilders.coma-propos-de-nous\/code-de-deontologie\/"},"modified":"2024-04-05T17:16:46","modified_gmt":"2024-04-05T17:16:46","slug":"code-dethique","status":"publish","type":"page","link":"https:\/\/monctonhomebuilders.com\/fr\/a-propos-de-nous\/code-dethique\/","title":{"rendered":"Code d\u2019\u00e9thique"},"content":{"rendered":"\n<div class=\"wp-block-themepunch-revslider revslider\" data-modal=\"false\" data-slidertitle=\"Code of Ethics\" style=\"\">\n\t\t\t\t<p class=\"rs-p-wp-fix\"><\/p>\n\t\t\t\t<sr7-module data-alias=\"about-us-11\" data-id=\"12\" id=\"SR7_12_1\" class=\"rs-ov-hidden\" data-version=\"6.7.51\">\n\t\t\t\t\t<sr7-adjuster><\/sr7-adjuster>\n\t\t\t\t\t<sr7-content>\n\t\t\t\t\t\t<sr7-slide id=\"SR7_12_1-14STR1\" data-key=\"14STR1\">\n\t\t\t\t\t\t\t<sr7-txt id=\"SR7_12_1-14STR1-1\" class=\"sr7-layer\">Code d\u2019\u00e9thique<\/sr7-txt>\n\t\t\t\t\t\t<\/sr7-slide>\n\t\t\t\t\t\t<sr7-slide id=\"SR7_12_1-49\" data-key=\"49\">\n\t\t\t\t\t\t<\/sr7-slide>\n\t\t\t\t\t<\/sr7-content>\n\t\t\t\t\t<image_lists style=\"display:none\">\n\t\t\t\t\t\t<img data-src=\"\/\/monctonhomebuilders.com\/wp-content\/uploads\/2024\/04\/ethics.jpg\" data-libid=\"1390\" data-lib=\"medialibrary\" title=\"xr:d:DAGAs-f2Alg:14,j:8504345915354316877,t:24040513\" width=\"0\" height=\"0\" data-dbsrc=\"Ly9tb25jdG9uaG9tZWJ1aWxkZXJzLmNvbS93cC1jb250ZW50L3VwbG9hZHMvMjAyNC8wNC9ldGhpY3MuanBn\"\/>\n\t\t\t\t\t<\/image_lists>\n\t\t\t\t<\/sr7-module>\n\t\t\t\t<script>\n\t\t\t\t\twindow.SR7 ??={};SR7.PMH ??={}; SR7.PMH[\"SR7_12_1\"] = {cn:100,state:false,fn: function() { if (window._tpt!==undefined && window._tpt.prepareModuleHeight !== undefined) {  _tpt.prepareModuleHeight({id:\"SR7_12_1\",el:[400,400,300,250,250],type:'standard',shdw:'0',gh:[400,400,300,250,250],gw:[1240,1240,1024,778,480],vpt:['100px&#039;,&#039;100px&#039;,&#039;100px&#039;,&#039;100px&#039;,&#039;100px'],size:{fullWidth:true, fullHeight:false},mh:'0',onh:0,onw:0,bg:{color:'{\"type\":\"solid\",\"orig\":\"#107741\",\"string\":\"rgba(16, 119, 65, 1)\"}'}});   SR7.PMH[\"SR7_12_1\"].state=true;} else if(SR7.PMH[\"SR7_12_1\"].cn-->0)\tsetTimeout( SR7.PMH[\"SR7_12_1\"].fn,19);}};SR7.PMH[\"SR7_12_1\" ].fn();\n\t\t\t\t<\/script>\n<\/div>\n\n\n\n<p>Les consommateurs savent que lorsqu\u2019ils traitent avec une entreprise affichant le logo de l&rsquo;Association des constructeurs d&rsquo;habitations du Grand Moncton, ils font affaire avec une entreprise qui respecte les normes professionnelles du secteur de la construction r\u00e9sidentielle.<\/p>\n\n\n\n<ul class=\"wp-block-list\">\n<li> Les membres doivent se conformer au Code national du b\u00e2timent du Canada en tant que norme minimale pour la construction et s\u2019efforcer de l\u2019am\u00e9liorer dans l\u2019int\u00e9r\u00eat de la suffisance structurelle, de la s\u00e9curit\u00e9 et de la sant\u00e9.<\/li>\n\n\n\n<li>Les membres doivent planifier leurs sites et leurs maisons pour se conformer aux principes d\u2019une bonne planification communautaire.<\/li>\n\n\n\n<li> Les membres doivent traiter \u00e9quitablement avec leurs employ\u00e9s, sous-traitants et fournisseurs.<\/li>\n\n\n\n<li>Les membres doivent traiter honn\u00eatement et \u00e9quitablement avec leurs clients.<\/li>\n\n\n\n<li>Les membres coop\u00e9reront pour accro\u00eetre l\u2019efficacit\u00e9 de l\u2019Association en \u00e9changeant des informations et des exp\u00e9riences et encourager la recherche sur les mat\u00e9riaux et les techniques afin de fournir le meilleur rapport qualit\u00e9-prix \u00e0 leurs clients.<\/li>\n\n\n\n<li>Les membres respectent le principe d\u2019une compensation appropri\u00e9e et ad\u00e9quate pour les services qu\u2019ils fournissent.<\/li>\n\n\n\n<li>Les membres doivent \u00e9viter toute conduite ou pratique pr\u00e9judiciable \u00e0 l\u2019industrie de la construction r\u00e9sidentielle, \u00e0 l\u2019Association, \u00e0 la r\u00e9putation ou \u00e0 la r\u00e9putation de l\u2019un de ses membres ou \u00e0 ses clients.<\/li>\n<\/ul>\n\n\n\n<p>Ces responsabilit\u00e9s sont assum\u00e9es librement et solennellement, car elles font partie d\u2019une obligation en tant que Membres.<\/p>\n","protected":false},"excerpt":{"rendered":"<p>Les consommateurs savent que lorsqu\u2019ils traitent avec une entreprise affichant le logo de l&rsquo;Association des constructeurs d&rsquo;habitations du Grand Moncton, ils font affaire avec une entreprise qui respecte les normes professionnelles du secteur de la construction r\u00e9sidentielle. Ces responsabilit\u00e9s sont assum\u00e9es librement et solennellement, car elles font partie d\u2019une obligation en tant que Membres.<\/p>\n","protected":false},"author":1,"featured_media":0,"parent":54,"menu_order":4,"comment_status":"closed","ping_status":"closed","template":"","meta":{"footnotes":""},"class_list":["post-345","page","type-page","status-publish","hentry","entry"],"_links":{"self":[{"href":"https:\/\/monctonhomebuilders.com\/fr\/wp-json\/wp\/v2\/pages\/345","targetHints":{"allow":["GET"]}}],"collection":[{"href":"https:\/\/monctonhomebuilders.com\/fr\/wp-json\/wp\/v2\/pages"}],"about":[{"href":"https:\/\/monctonhomebuilders.com\/fr\/wp-json\/wp\/v2\/types\/page"}],"author":[{"embeddable":true,"href":"https:\/\/monctonhomebuilders.com\/fr\/wp-json\/wp\/v2\/users\/1"}],"replies":[{"embeddable":true,"href":"https:\/\/monctonhomebuilders.com\/fr\/wp-json\/wp\/v2\/comments?post=345"}],"version-history":[{"count":9,"href":"https:\/\/monctonhomebuilders.com\/fr\/wp-json\/wp\/v2\/pages\/345\/revisions"}],"predecessor-version":[{"id":1519,"href":"https:\/\/monctonhomebuilders.com\/fr\/wp-json\/wp\/v2\/pages\/345\/revisions\/1519"}],"up":[{"embeddable":true,"href":"https:\/\/monctonhomebuilders.com\/fr\/wp-json\/wp\/v2\/pages\/54"}],"wp:attachment":[{"href":"https:\/\/monctonhomebuilders.com\/fr\/wp-json\/wp\/v2\/media?parent=345"}],"curies":[{"name":"wp","href":"https:\/\/api.w.org\/{rel}","templated":true}]}}