{"id":349,"date":"2023-12-20T18:06:48","date_gmt":"2023-12-20T18:06:48","guid":{"rendered":"https:\/\/www.monctonhomebuilders.coma-propos-de-nous\/comment-nous-travaillons\/"},"modified":"2024-04-05T17:16:20","modified_gmt":"2024-04-05T17:16:20","slug":"comment-nous-travaillons","status":"publish","type":"page","link":"https:\/\/monctonhomebuilders.com\/fr\/a-propos-de-nous\/comment-nous-travaillons\/","title":{"rendered":"Comment nous travaillons"},"content":{"rendered":"\n<div class=\"wp-block-themepunch-revslider revslider\" data-modal=\"false\" data-slidertitle=\"How we work\" style=\"\">\n\t\t\t\t<p class=\"rs-p-wp-fix\"><\/p>\n\t\t\t\t<sr7-module data-alias=\"writing-up-the-contract-1\" data-id=\"18\" id=\"SR7_18_1\" class=\"rs-ov-hidden\" data-version=\"6.7.54\">\n\t\t\t\t\t<sr7-adjuster><\/sr7-adjuster>\n\t\t\t\t\t<sr7-content>\n\t\t\t\t\t\t<sr7-slide id=\"SR7_18_1-22STR1\" data-key=\"22STR1\">\n\t\t\t\t\t\t\t<sr7-txt id=\"SR7_18_1-22STR1-1\" class=\"sr7-layer\">Comment nous travaillons<\/sr7-txt>\n\t\t\t\t\t\t<\/sr7-slide>\n\t\t\t\t\t\t<sr7-slide id=\"SR7_18_1-55\" data-key=\"55\">\n\t\t\t\t\t\t<\/sr7-slide>\n\t\t\t\t\t<\/sr7-content>\n\t\t\t\t\t<image_lists style=\"display:none\">\n\t\t\t\t\t\t<img data-src=\"\/\/monctonhomebuilders.com\/wp-content\/uploads\/2024\/04\/Advocacy.jpg\" data-libid=\"1425\" data-lib=\"medialibrary\" title=\"xr:d:DAGAs-f2Alg:26,j:8504345914819060605,t:24040513\" width=\"0\" height=\"0\" data-dbsrc=\"Ly9tb25jdG9uaG9tZWJ1aWxkZXJzLmNvbS93cC1jb250ZW50L3VwbG9hZHMvMjAyNC8wNC9BZHZvY2FjeS5qcGc=\"\/>\n\t\t\t\t\t\t<img data-src=\"\/\/monctonhomebuilders.com\/wp-content\/uploads\/2024\/04\/Get-it-in-Writing-1.jpg\" data-libid=\"1370\" data-lib=\"medialibrary\" title=\"Get-it-in-Writing-1\" width=\"0\" height=\"0\" data-dbsrc=\"Ly9tb25jdG9uaG9tZWJ1aWxkZXJzLmNvbS93cC1jb250ZW50L3VwbG9hZHMvMjAyNC8wNC9HZXQtaXQtaW4tV3JpdGluZy0xLmpwZw==\"\/>\n\t\t\t\t\t<\/image_lists>\n\t\t\t\t<\/sr7-module>\n\t\t\t\t<script>\n\t\t\t\t\twindow.SR7 ??={};SR7.PMH ??={}; SR7.PMH[\"SR7_18_1\"] = {cn:100,state:false,fn: function() { if (window._tpt!==undefined && window._tpt.prepareModuleHeight !== undefined) {  _tpt.prepareModuleHeight({id:\"SR7_18_1\",el:[400,400,300,250,250],type:'standard',shdw:'0',gh:[400,400,300,250,250],gw:[1240,1240,1024,778,480],vpt:['100px&#039;,&#039;100px&#039;,&#039;100px&#039;,&#039;100px&#039;,&#039;100px'],size:{fullWidth:true, fullHeight:false},mh:'0',onh:0,onw:0,bg:{color:'{\"type\":\"solid\",\"orig\":\"#107741\",\"string\":\"rgba(16, 119, 65, 1)\"}'}});   SR7.PMH[\"SR7_18_1\"].state=true;} else if(SR7.PMH[\"SR7_18_1\"].cn-->0)\tsetTimeout( SR7.PMH[\"SR7_18_1\"].fn,19);}};SR7.PMH[\"SR7_18_1\" ].fn();\n\t\t\t\t<\/script>\n<\/div>\n\n\n\n<p>L\u2019Association canadienne des constructeurs d\u2019habitation est une association qui dessert ses membres et qui repr\u00e9sente l\u2019industrie de la construction r\u00e9sidentielle \u00e0 trois niveaux : local, provincial et national. Tous les niveaux de l\u2019Association travaillent \u00e9troitement ensemble pour garder les membres \u00e0 jour sur les plus r\u00e9cents progr\u00e8s et pr\u00e9par\u00e9s \u00e0 faire face aux d\u00e9fis et occasions d\u2019affaires.<\/p>\n\n\n\n<p>Quand vous vous joignez \u00e0 l\u2019Association canadienne des constructeurs d\u2019habitations dans votre r\u00e9gion, vous devenez automatiquement membre au niveau local, provincial et national et vous obtenez les avantages des services et activit\u00e9s \u00e0 tous les trois niveaux.<\/p>\n\n\n\n<h2 class=\"wp-block-heading\"><strong>LOCAL:<\/strong><\/h2>\n\n\n\n<p>R\u00e9unions mensuelles, bulletins, publications, ateliers, acc\u00e8s aux conseils d\u2019experts, campagnes de marketing, projets de d\u00e9monstration, programmes de prix, activit\u00e9s sociales, etc. une gamme compl\u00e8te de services et activit\u00e9s donnant aux membres l\u2019occasion d\u2019\u00e9tablir des contacts d\u2019affaires, d\u2019acqu\u00e9rir des connaissances et de rehausser leur visibilit\u00e9 avec les consommateurs.<\/p>\n\n\n\n<ul class=\"wp-block-list\">\n<li>20% de r\u00e9duction sur le prix de votre kiosque lors du Salon d\u2019Habitation du Grand Moncton<\/li>\n\n\n\n<li>Inclusion dans notre r\u00e9pertoire des membres ainsi que dans notre r\u00e9pertoire en ligne<\/li>\n\n\n\n<li>10% de r\u00e9duction sur les v\u00eatements, les chaussures, les accessoires et plus au magasin Mark\u2019s Work Warehouse.<\/li>\n<\/ul>\n\n\n\n<h3 class=\"wp-block-heading\"><strong>PROVINCIAL (ACCH-NB) :<\/strong><\/h3>\n\n\n\n<p>Notre association est en contact r\u00e9gulier avec les minist\u00e8res et agences gouvernementales sur divers sujets reli\u00e9es \u00e0 l\u2019habitation, qu\u2019il s\u2019agisse des codes, des normes, du financement d\u2019infrastructures et de l\u00e9gislation environnementale. Les programmes d\u2019\u00e9ducation et de formation pour les membres de l\u2019association sont organis\u00e9s et livr\u00e9s au niveau provincial.<\/p>\n\n\n\n<h3 class=\"wp-block-heading\"><strong>NATIONAL (ACCH) :<\/strong><\/h3>\n\n\n\n<p>Le bureau national fournit un \u00ab centre \u00bb pour tous les membres. Les consultations avec le minist\u00e8re f\u00e9d\u00e9ral, la collaboration avec les agences de recherche publiques et priv\u00e9es pour promouvoir les projets de recherche et de d\u00e9monstration, les initiatives d\u2019\u00e9ducation des consommateurs et de marketing avec des partenaires nationaux de l\u2019industrie, les bulletins et publications, les conf\u00e9rences et les prix sont des services pr\u00e9cieux fournis aux membres de partout au pays.<\/p>\n\n\n\n<p>L\u2019ACHGM est engag\u00e9e \u00e0 accro\u00eetre le professionnalisme de l\u2019industrie de la construction et de la r\u00e9novation r\u00e9sidentielle par le biais de ses programmes de formation et d\u2019\u00e9ducation, de la recherche \u00e9conomique et de la recherche technique tout en faisant la promotion du professionnalisme de ses membres par le biais de ses activit\u00e9s de ventes et de marketing et de la liaison avec le gouvernement.<\/p>\n","protected":false},"excerpt":{"rendered":"<p>L\u2019Association canadienne des constructeurs d\u2019habitation est une association qui dessert ses membres et qui repr\u00e9sente l\u2019industrie de la construction r\u00e9sidentielle \u00e0 trois niveaux : local, provincial et national. Tous les niveaux de l\u2019Association travaillent \u00e9troitement ensemble pour garder les membres \u00e0 jour sur les plus r\u00e9cents progr\u00e8s et pr\u00e9par\u00e9s \u00e0 faire face aux d\u00e9fis et&hellip; <a class=\"more-link\" href=\"https:\/\/monctonhomebuilders.com\/fr\/a-propos-de-nous\/comment-nous-travaillons\/\">Poursuivre la lecture <span class=\"screen-reader-text\">Comment nous travaillons<\/span><\/a><\/p>\n","protected":false},"author":1,"featured_media":0,"parent":54,"menu_order":3,"comment_status":"closed","ping_status":"closed","template":"","meta":{"footnotes":""},"class_list":["post-349","page","type-page","status-publish","hentry","entry"],"_links":{"self":[{"href":"https:\/\/monctonhomebuilders.com\/fr\/wp-json\/wp\/v2\/pages\/349","targetHints":{"allow":["GET"]}}],"collection":[{"href":"https:\/\/monctonhomebuilders.com\/fr\/wp-json\/wp\/v2\/pages"}],"about":[{"href":"https:\/\/monctonhomebuilders.com\/fr\/wp-json\/wp\/v2\/types\/page"}],"author":[{"embeddable":true,"href":"https:\/\/monctonhomebuilders.com\/fr\/wp-json\/wp\/v2\/users\/1"}],"replies":[{"embeddable":true,"href":"https:\/\/monctonhomebuilders.com\/fr\/wp-json\/wp\/v2\/comments?post=349"}],"version-history":[{"count":5,"href":"https:\/\/monctonhomebuilders.com\/fr\/wp-json\/wp\/v2\/pages\/349\/revisions"}],"predecessor-version":[{"id":1518,"href":"https:\/\/monctonhomebuilders.com\/fr\/wp-json\/wp\/v2\/pages\/349\/revisions\/1518"}],"up":[{"embeddable":true,"href":"https:\/\/monctonhomebuilders.com\/fr\/wp-json\/wp\/v2\/pages\/54"}],"wp:attachment":[{"href":"https:\/\/monctonhomebuilders.com\/fr\/wp-json\/wp\/v2\/media?parent=349"}],"curies":[{"name":"wp","href":"https:\/\/api.w.org\/{rel}","templated":true}]}}