{"id":355,"date":"2024-01-02T22:03:33","date_gmt":"2024-01-02T22:03:33","guid":{"rendered":"https:\/\/www.monctonhomebuilders.cominformations-pour-les-membres\/"},"modified":"2024-04-05T17:02:55","modified_gmt":"2024-04-05T17:02:55","slug":"informations-pour-les-membres","status":"publish","type":"page","link":"https:\/\/monctonhomebuilders.com\/fr\/devenir-membre\/informations-pour-les-membres\/","title":{"rendered":"Informations pour les membres"},"content":{"rendered":"\n<div class=\"wp-block-themepunch-revslider revslider\" data-modal=\"false\" data-slidertitle=\"Member\" style=\"\">\n\t\t\t\t<p class=\"rs-p-wp-fix\"><\/p>\n\t\t\t\t<sr7-module data-alias=\"about-us-1\" data-id=\"10\" id=\"SR7_10_1\" class=\"rs-ov-hidden\" data-version=\"6.7.51\">\n\t\t\t\t\t<sr7-adjuster><\/sr7-adjuster>\n\t\t\t\t\t<sr7-content>\n\t\t\t\t\t\t<sr7-slide id=\"SR7_10_1-10STR1\" data-key=\"10STR1\">\n\t\t\t\t\t\t\t<sr7-txt id=\"SR7_10_1-10STR1-1\" class=\"sr7-layer\">Informations pour les membres<\/sr7-txt>\n\t\t\t\t\t\t<\/sr7-slide>\n\t\t\t\t\t\t<sr7-slide id=\"SR7_10_1-47\" data-key=\"47\">\n\t\t\t\t\t\t<\/sr7-slide>\n\t\t\t\t\t<\/sr7-content>\n\t\t\t\t\t<image_lists style=\"display:none\">\n\t\t\t\t\t\t<img data-src=\"\/\/monctonhomebuilders.com\/wp-content\/uploads\/2024\/04\/IMG_3753.jpg\" data-libid=\"1381\" data-lib=\"medialibrary\" title=\"IMG_3753\" width=\"0\" height=\"0\" data-dbsrc=\"Ly9tb25jdG9uaG9tZWJ1aWxkZXJzLmNvbS93cC1jb250ZW50L3VwbG9hZHMvMjAyNC8wNC9JTUdfMzc1My5qcGc=\"\/>\n\t\t\t\t\t<\/image_lists>\n\t\t\t\t<\/sr7-module>\n\t\t\t\t<script>\n\t\t\t\t\twindow.SR7 ??={};SR7.PMH ??={}; SR7.PMH[\"SR7_10_1\"] = {cn:100,state:false,fn: function() { if (window._tpt!==undefined && window._tpt.prepareModuleHeight !== undefined) {  _tpt.prepareModuleHeight({id:\"SR7_10_1\",el:[400,400,300,250,250],type:'standard',shdw:'0',gh:[400,400,300,250,250],gw:[1240,1240,1024,778,480],vpt:['100px&#039;,&#039;100px&#039;,&#039;100px&#039;,&#039;100px&#039;,&#039;100px'],size:{fullWidth:true, fullHeight:false},mh:'0',onh:0,onw:0,bg:{color:'{\"type\":\"solid\",\"orig\":\"#107741\",\"string\":\"rgba(16, 119, 65, 1)\"}'}});   SR7.PMH[\"SR7_10_1\"].state=true;} else if(SR7.PMH[\"SR7_10_1\"].cn-->0)\tsetTimeout( SR7.PMH[\"SR7_10_1\"].fn,19);}};SR7.PMH[\"SR7_10_1\" ].fn();\n\t\t\t\t<\/script>\n<\/div>\n\n\n\n<p><strong>Pourquoi rester seul ?<\/strong> L&rsquo;ACHGM est une invitation \u00e0 participer \u00e0 l&rsquo;industrie de l&rsquo;habitation avec d&rsquo;autres constructeurs. \u00ab Plus une personne poss\u00e8de de connaissances sur ce qui a \u00e9t\u00e9 fait, meilleure sera sa capacit\u00e9 de savoir quoi faire. \u00bb &#8211; Disraeli<\/p>\n\n\n\n<p><strong>Qu&rsquo;est-ce que l&rsquo;ACHGM signifie pour vous ?<\/strong> Pour obtenir des r\u00e9sultats, examinez cette brochure et voyez tout ce que votre entreprise gagnera des programmes et services pr\u00e9vus pour cette Association. Les constructeurs d&rsquo;habitation, les fabricants de produits finis ainsi que les fournisseurs de mat\u00e9riaux, pr\u00eateurs, sous-traitants et autres organismes reli\u00e9s \u00e0 l&rsquo;industrie sont admissibles \u00e0 \u00eatre membres.<\/p>\n\n\n\n<p>Avoir les moyens de collaboration de l&rsquo;industrie peut \u00eatre aussi important que tout actif sur votre bilan.<\/p>\n\n\n\n<p><strong>L&rsquo;ACMGM prouve que la coop\u00e9ration paye !<\/strong> L&rsquo;ACHGM fournit un endroit o\u00f9 les id\u00e9es, les suggestions et les probl\u00e8mes reli\u00e9s \u00e0 la construction d&rsquo;habitations peuvent rencontrer l&rsquo;exp\u00e9rience r\u00e9elle et la recherche technique.<\/p>\n\n\n\n<p>C&rsquo;est ici que les constructeurs de maisons, les r\u00e9novateurs, les fabricants, les fournisseurs et les sous-traitants ainsi que les pr\u00eateurs hypoth\u00e9caires, les promoteurs et les autres peuvent se rencontrer et \u00e9changer de l&rsquo;information sur des probl\u00e8mes communs et des exp\u00e9riences.<\/p>\n\n\n\n<p>Pour vous soulager de vos probl\u00e8mes et vous \u00e9conomiser du temps et de l&rsquo;argent pour que vous puissiez passer plus de temps \u00e0 exploiter votre entreprise de fa\u00e7on rentable, l&rsquo;Association s&rsquo;occupe en votre nom de nombreux probl\u00e8mes comme les normes de construction, la disponibilit\u00e9 d&rsquo;argent pour les hypoth\u00e8ques, les services aux lots, les prix des terrains, le d\u00e9veloppement des terres, les taux d&rsquo;int\u00e9r\u00eats et la recherche sur les nouveaux mat\u00e9riaux et les nouvelles m\u00e9thodes.<\/p>\n\n\n\n<p><strong>Pour plus d&rsquo;information :<\/strong><\/p>\n\n\n\n<ul class=\"wp-block-list\">\n<li><a href=\"https:\/\/www.monctonhomebuilders.com\/fr\/demande-dadhesion\/\"><strong>Devenir un membre<\/strong><\/a><\/li>\n\n\n\n<li><strong><a href=\"https:\/\/www.monctonhomebuilders.com\/fr\/register\/avantages-pour-les-membres\/\">10 des avantages que l&rsquo;ACHGM vous offre<\/a><\/strong><\/li>\n\n\n\n<li><a href=\"https:\/\/monctonhomebuilders.com\/fr\/devenir-membre\/members\/#!directory\/map\" target=\"_blank\" rel=\"noreferrer noopener\"><strong>Qui sont nos membres ?<\/strong><\/a><\/li>\n<\/ul>\n","protected":false},"excerpt":{"rendered":"<p>Pourquoi rester seul ? L&rsquo;ACHGM est une invitation \u00e0 participer \u00e0 l&rsquo;industrie de l&rsquo;habitation avec d&rsquo;autres constructeurs. \u00ab Plus une personne poss\u00e8de de connaissances sur ce qui a \u00e9t\u00e9 fait, meilleure sera sa capacit\u00e9 de savoir quoi faire. \u00bb &#8211; Disraeli Qu&rsquo;est-ce que l&rsquo;ACHGM signifie pour vous ? Pour obtenir des r\u00e9sultats, examinez cette brochure&hellip; <a class=\"more-link\" href=\"https:\/\/monctonhomebuilders.com\/fr\/devenir-membre\/informations-pour-les-membres\/\">Poursuivre la lecture <span class=\"screen-reader-text\">Informations pour les membres<\/span><\/a><\/p>\n","protected":false},"author":1,"featured_media":0,"parent":363,"menu_order":4,"comment_status":"closed","ping_status":"closed","template":"","meta":{"footnotes":""},"class_list":["post-355","page","type-page","status-publish","hentry","entry"],"_links":{"self":[{"href":"https:\/\/monctonhomebuilders.com\/fr\/wp-json\/wp\/v2\/pages\/355","targetHints":{"allow":["GET"]}}],"collection":[{"href":"https:\/\/monctonhomebuilders.com\/fr\/wp-json\/wp\/v2\/pages"}],"about":[{"href":"https:\/\/monctonhomebuilders.com\/fr\/wp-json\/wp\/v2\/types\/page"}],"author":[{"embeddable":true,"href":"https:\/\/monctonhomebuilders.com\/fr\/wp-json\/wp\/v2\/users\/1"}],"replies":[{"embeddable":true,"href":"https:\/\/monctonhomebuilders.com\/fr\/wp-json\/wp\/v2\/comments?post=355"}],"version-history":[{"count":5,"href":"https:\/\/monctonhomebuilders.com\/fr\/wp-json\/wp\/v2\/pages\/355\/revisions"}],"predecessor-version":[{"id":1507,"href":"https:\/\/monctonhomebuilders.com\/fr\/wp-json\/wp\/v2\/pages\/355\/revisions\/1507"}],"up":[{"embeddable":true,"href":"https:\/\/monctonhomebuilders.com\/fr\/wp-json\/wp\/v2\/pages\/363"}],"wp:attachment":[{"href":"https:\/\/monctonhomebuilders.com\/fr\/wp-json\/wp\/v2\/media?parent=355"}],"curies":[{"name":"wp","href":"https:\/\/api.w.org\/{rel}","templated":true}]}}