{"id":357,"date":"2024-01-02T21:57:26","date_gmt":"2024-01-02T21:57:26","guid":{"rendered":"https:\/\/www.monctonhomebuilders.comformulaire-dadhesion\/"},"modified":"2024-03-25T20:01:15","modified_gmt":"2024-03-25T20:01:15","slug":"formulaire-dadhesion","status":"publish","type":"page","link":"https:\/\/monctonhomebuilders.com\/fr\/devenir-membre\/formulaire-dadhesion\/","title":{"rendered":"Formulaire d\u2019adh\u00e9sion"},"content":{"rendered":"\n<div class=\"wp-block-themepunch-revslider revslider\" data-modal=\"false\" data-slidertitle=\"Member\" style=\"\">\n\t\t\t\t<p class=\"rs-p-wp-fix\"><\/p>\n\t\t\t\t<sr7-module data-alias=\"about-us-1\" data-id=\"10\" id=\"SR7_10_1\" class=\"rs-ov-hidden\" data-version=\"6.7.51\">\n\t\t\t\t\t<sr7-adjuster><\/sr7-adjuster>\n\t\t\t\t\t<sr7-content>\n\t\t\t\t\t\t<sr7-slide id=\"SR7_10_1-10STR1\" data-key=\"10STR1\">\n\t\t\t\t\t\t\t<sr7-txt id=\"SR7_10_1-10STR1-1\" class=\"sr7-layer\">Formulaire d\u2019adh\u00e9sion<\/sr7-txt>\n\t\t\t\t\t\t<\/sr7-slide>\n\t\t\t\t\t\t<sr7-slide id=\"SR7_10_1-47\" data-key=\"47\">\n\t\t\t\t\t\t<\/sr7-slide>\n\t\t\t\t\t<\/sr7-content>\n\t\t\t\t\t<image_lists style=\"display:none\">\n\t\t\t\t\t\t<img data-src=\"\/\/monctonhomebuilders.com\/wp-content\/uploads\/2024\/04\/IMG_3753.jpg\" data-libid=\"1381\" data-lib=\"medialibrary\" title=\"IMG_3753\" width=\"0\" height=\"0\" data-dbsrc=\"Ly9tb25jdG9uaG9tZWJ1aWxkZXJzLmNvbS93cC1jb250ZW50L3VwbG9hZHMvMjAyNC8wNC9JTUdfMzc1My5qcGc=\"\/>\n\t\t\t\t\t<\/image_lists>\n\t\t\t\t<\/sr7-module>\n\t\t\t\t<script>\n\t\t\t\t\twindow.SR7 ??={};SR7.PMH ??={}; SR7.PMH[\"SR7_10_1\"] = {cn:100,state:false,fn: function() { if (window._tpt!==undefined && window._tpt.prepareModuleHeight !== undefined) {  _tpt.prepareModuleHeight({id:\"SR7_10_1\",el:[400,400,300,250,250],type:'standard',shdw:'0',gh:[400,400,300,250,250],gw:[1240,1240,1024,778,480],vpt:['100px&#039;,&#039;100px&#039;,&#039;100px&#039;,&#039;100px&#039;,&#039;100px'],size:{fullWidth:true, fullHeight:false},mh:'0',onh:0,onw:0,bg:{color:'{\"type\":\"solid\",\"orig\":\"#107741\",\"string\":\"rgba(16, 119, 65, 1)\"}'}});   SR7.PMH[\"SR7_10_1\"].state=true;} else if(SR7.PMH[\"SR7_10_1\"].cn-->0)\tsetTimeout( SR7.PMH[\"SR7_10_1\"].fn,19);}};SR7.PMH[\"SR7_10_1\" ].fn();\n\t\t\t\t<\/script>\n<\/div>\n\n\n\n<p>Pour joindre l&rsquo;Association des constructeurs d&rsquo;habitations du Grand Moncton est une importante d\u00e9cision d&rsquo;affaires. C&rsquo;est un investissement dans la r\u00e9ussite de votre entreprise. Avant de prendre une d\u00e9cision finale, apprenez-en plus sur l&rsquo;Association, nos services et activit\u00e9s et nos membres. Communiquez avec le bureau de l&rsquo;ACHGM ou l&rsquo;association locale des constructeurs d&rsquo;habitations de votre r\u00e9gion. Un lien \u00e0 nos emplacements est inclus ci-dessous. Vous pouvez \u00e9galement nous joindre par <a href=\"mailto:gmhba@monctonhomebuilders.com\"><strong>courriel<\/strong><\/a> et nous vous mettrons en contact avec quelqu&rsquo;un directement.<\/p>\n\n\n\n<div class=\"wp-block-columns is-layout-flex wp-container-core-columns-is-layout-9d6595d7 wp-block-columns-is-layout-flex\">\n<div class=\"wp-block-column is-layout-flow wp-block-column-is-layout-flow\"><p><div id=\"SFctr\" class=\"SF\" data-org=\"30414\" data-ini=\"join\" data-fnd=\"Search\" data-sfi=\"1\" style=\"position:relative;height:auto\"><div id=\"SFpne\" style=\"position:relative\"><div class=\"SFpne\">Loading&#8230;<\/div><\/div><div id=\"SFfin\" style=\"clear:both\"><\/div><\/div><\/p>\n<\/div>\n<\/div>\n\n\n\n<p>Greater Moncton Home Builders\u2019 Association Inc.<br>297 Collishaw Street, Suite 2<br>Moncton NB, Canada E1C 9R2<br>Tel: (506) 852-3377<br>Fax: (506) 852-3871<\/p>\n","protected":false},"excerpt":{"rendered":"<p>Pour joindre l&rsquo;Association des constructeurs d&rsquo;habitations du Grand Moncton est une importante d\u00e9cision d&rsquo;affaires. C&rsquo;est un investissement dans la r\u00e9ussite de votre entreprise. Avant de prendre une d\u00e9cision finale, apprenez-en plus sur l&rsquo;Association, nos services et activit\u00e9s et nos membres. Communiquez avec le bureau de l&rsquo;ACHGM ou l&rsquo;association locale des constructeurs d&rsquo;habitations de votre r\u00e9gion.&hellip; <a class=\"more-link\" href=\"https:\/\/monctonhomebuilders.com\/fr\/devenir-membre\/formulaire-dadhesion\/\">Poursuivre la lecture <span class=\"screen-reader-text\">Formulaire d\u2019adh\u00e9sion<\/span><\/a><\/p>\n","protected":false},"author":1,"featured_media":0,"parent":363,"menu_order":2,"comment_status":"closed","ping_status":"closed","template":"","meta":{"footnotes":""},"class_list":["post-357","page","type-page","status-publish","hentry","entry"],"_links":{"self":[{"href":"https:\/\/monctonhomebuilders.com\/fr\/wp-json\/wp\/v2\/pages\/357","targetHints":{"allow":["GET"]}}],"collection":[{"href":"https:\/\/monctonhomebuilders.com\/fr\/wp-json\/wp\/v2\/pages"}],"about":[{"href":"https:\/\/monctonhomebuilders.com\/fr\/wp-json\/wp\/v2\/types\/page"}],"author":[{"embeddable":true,"href":"https:\/\/monctonhomebuilders.com\/fr\/wp-json\/wp\/v2\/users\/1"}],"replies":[{"embeddable":true,"href":"https:\/\/monctonhomebuilders.com\/fr\/wp-json\/wp\/v2\/comments?post=357"}],"version-history":[{"count":6,"href":"https:\/\/monctonhomebuilders.com\/fr\/wp-json\/wp\/v2\/pages\/357\/revisions"}],"predecessor-version":[{"id":1321,"href":"https:\/\/monctonhomebuilders.com\/fr\/wp-json\/wp\/v2\/pages\/357\/revisions\/1321"}],"up":[{"embeddable":true,"href":"https:\/\/monctonhomebuilders.com\/fr\/wp-json\/wp\/v2\/pages\/363"}],"wp:attachment":[{"href":"https:\/\/monctonhomebuilders.com\/fr\/wp-json\/wp\/v2\/media?parent=357"}],"curies":[{"name":"wp","href":"https:\/\/api.w.org\/{rel}","templated":true}]}}