{"id":359,"date":"2023-12-20T18:06:18","date_gmt":"2023-12-20T18:06:18","guid":{"rendered":"https:\/\/www.monctonhomebuilders.coma-propos-de-nous\/mandat\/"},"modified":"2024-02-22T19:30:38","modified_gmt":"2024-02-22T19:30:38","slug":"mandat","status":"publish","type":"page","link":"https:\/\/monctonhomebuilders.com\/fr\/a-propos-de-nous\/mandat\/","title":{"rendered":"Mandat"},"content":{"rendered":"\n<div class=\"wp-block-themepunch-revslider revslider\" data-modal=\"false\" data-slidertitle=\"Mandate\" style=\"\">\n\t\t\t\t<p class=\"rs-p-wp-fix\"><\/p>\n\t\t\t\t<sr7-module data-alias=\"welcome-slide-1\" data-id=\"3\" id=\"SR7_3_1\" class=\"rs-ov-hidden\" data-version=\"6.7.51\">\n\t\t\t\t\t<sr7-adjuster><\/sr7-adjuster>\n\t\t\t\t\t<sr7-content>\n\t\t\t\t\t\t<sr7-slide id=\"SR7_3_1-3STR1\" data-key=\"3STR1\">\n\t\t\t\t\t\t\t<sr7-txt id=\"SR7_3_1-3STR1-1\" class=\"sr7-layer\">Mandat<\/sr7-txt>\n\t\t\t\t\t\t<\/sr7-slide>\n\t\t\t\t\t\t<sr7-slide id=\"SR7_3_1-41\" data-key=\"41\">\n\t\t\t\t\t\t<\/sr7-slide>\n\t\t\t\t\t<\/sr7-content>\n\t\t\t\t\t<image_lists style=\"display:none\">\n\t\t\t\t\t\t<img data-src=\"\/\/monctonhomebuilders.com\/wp-content\/uploads\/2024\/04\/target-scaled.jpg\" data-libid=\"1527\" data-lib=\"medialibrary\" title=\"xr:d:DAGAs-f2Alg:132,j:6306589316148124117,t:24040517\" width=\"0\" height=\"0\" data-dbsrc=\"Ly9tb25jdG9uaG9tZWJ1aWxkZXJzLmNvbS93cC1jb250ZW50L3VwbG9hZHMvMjAyNC8wNC90YXJnZXQtc2NhbGVkLmpwZw==\"\/>\n\t\t\t\t\t<\/image_lists>\n\t\t\t\t<\/sr7-module>\n\t\t\t\t<script>\n\t\t\t\t\twindow.SR7 ??={};SR7.PMH ??={}; SR7.PMH[\"SR7_3_1\"] = {cn:100,state:false,fn: function() { if (window._tpt!==undefined && window._tpt.prepareModuleHeight !== undefined) {  _tpt.prepareModuleHeight({id:\"SR7_3_1\",el:[400,400,300,250,250],type:'standard',shdw:'0',gh:[400,400,300,250,250],gw:[1240,1240,1024,778,480],vpt:['100px&#039;,&#039;100px&#039;,&#039;100px&#039;,&#039;100px&#039;,&#039;100px'],size:{fullWidth:true, fullHeight:false},mh:'0',onh:0,onw:0,bg:{color:'{\"type\":\"solid\",\"orig\":\"#107741\",\"string\":\"rgba(16, 119, 65, 1)\"}'}});   SR7.PMH[\"SR7_3_1\"].state=true;} else if(SR7.PMH[\"SR7_3_1\"].cn-->0)\tsetTimeout( SR7.PMH[\"SR7_3_1\"].fn,19);}};SR7.PMH[\"SR7_3_1\" ].fn();\n\t\t\t\t<\/script>\n<\/div>\n\n\n\n<h2 class=\"wp-block-heading\"><strong>50<strong>&nbsp;ans de succ\u00e8s: Association des constructeurs d&rsquo;habitations du Grand Moncton<\/strong><\/strong><\/h2>\n\n\n\n<p><\/p>\n\n\n\n<p>Au fil des ans, nous avons chang\u00e9 notre nom, chang\u00e9 notre logo et chang\u00e9 notre effectif, mais la mission et le but restent les m\u00eames. Cette ann\u00e9e marque le 50e anniversaire de l&rsquo;Association des constructeurs d&rsquo;habitation du Grand Moncton. 50<strong>&nbsp;ans!<\/strong><\/p>\n\n\n\n<p>L&rsquo;ACHGM a toujours \u00e9t\u00e9 et sera toujours la voix de l\u2019industrie de la construction r\u00e9sidentielle dans le Grand Moncton et sa r\u00e9gion. Il s\u2019efforcera toujours de cr\u00e9er un environnement dans lequel nos membres peuvent exploiter leurs entreprises avec succ\u00e8s. Nous allons toujours promouvoir la durabilit\u00e9 et le choix en mati\u00e8re de logement.<\/p>\n\n\n\n<p><strong>La Greater Moncton Home Builders&rsquo; Association (GMHBA), aujourd&rsquo;hui aussi connu sous l&rsquo;Association des constructeurs d&rsquo;habitations du Grand Moncton (ACHGM) <\/strong>a \u00e9t\u00e9 cr\u00e9\u00e9e en 1973 et constitu\u00e9e en 1977 comme association sans but lucratif compos\u00e9 de constructeurs, r\u00e9novateurs, promoteurs immobiliers, fabricants, fournisseurs, repr\u00e9sentants des services publics, pr\u00eateurs hypoth\u00e9caires, agents immobiliers, des repr\u00e9sentants, des professionnels et d\u2019autres personnes engag\u00e9es dans le secteur de la construction r\u00e9sidentielle. L&rsquo;ACHGM est l\u2019organisation locale de l\u2019ACCH-NB qui est l\u2019association provinciale. Trois autres organisations locales sont situ\u00e9es \u00e0 Saint-Jean, \u00e0 Fredericton et dans la r\u00e9gion de Sussex et du district.<\/p>\n\n\n\n<p>L\u2019Association des constructeurs d&rsquo;habitations du Grand Moncton repr\u00e9sente plus de 105 entreprises de l\u2019industrie de la construction r\u00e9sidentielle du Grand Moncton et des environs et elle ne cesse de cro\u00eetre. Notre industrie cr\u00e9e les nouveaux quartiers et construit les nouvelles maisons que les citoyens du Grand Moncton et des environs consid\u00e8rent comme leurs chez eux.<\/p>\n\n\n\n<p>Chez l&rsquo;ACHGM, nous travaillons avec nos membres pour am\u00e9liorer l\u2019industrie que nous repr\u00e9sentons afin d\u2019am\u00e9liorer l\u2019accessibilit\u00e9, la qualit\u00e9 et le choix que vous construisiez, achetiez, r\u00e9noviez ou am\u00e9lioriez votre maison. L\u2019association est la voix de l\u2019industrie en faveur des membres et des consommateurs. Pour nos membres, l&rsquo;ACHGM offre de la formation, des possibilit\u00e9s de publicit\u00e9 et de la cr\u00e9dibilit\u00e9 pour les aider \u00e0 am\u00e9liorer les services qu\u2019ils offrent au public. Nous travaillons \u00e9galement en \u00e9troite collaboration avec les gouvernements municipaux et provinciaux sur les questions qui compromettent la viabilit\u00e9 financi\u00e8re, la qualit\u00e9 et la r\u00e9putation de l\u2019industrie. Nous croyons que l\u2019\u00e9ducation est la cl\u00e9 pour faire des choix intelligents. Si vous pr\u00e9voyez acheter, r\u00e9nover ou am\u00e9liorer votre maison, nous pouvons vous aider \u00e0 prendre la bonne d\u00e9cision et \u00e0 vous prot\u00e9ger, vous et votre maison.<\/p>\n","protected":false},"excerpt":{"rendered":"<p>50&nbsp;ans de succ\u00e8s: Association des constructeurs d&rsquo;habitations du Grand Moncton Au fil des ans, nous avons chang\u00e9 notre nom, chang\u00e9 notre logo et chang\u00e9 notre effectif, mais la mission et le but restent les m\u00eames. Cette ann\u00e9e marque le 50e anniversaire de l&rsquo;Association des constructeurs d&rsquo;habitation du Grand Moncton. 50&nbsp;ans! L&rsquo;ACHGM a toujours \u00e9t\u00e9 et&hellip; <a class=\"more-link\" href=\"https:\/\/monctonhomebuilders.com\/fr\/a-propos-de-nous\/mandat\/\">Poursuivre la lecture <span class=\"screen-reader-text\">Mandat<\/span><\/a><\/p>\n","protected":false},"author":1,"featured_media":0,"parent":54,"menu_order":1,"comment_status":"closed","ping_status":"closed","template":"","meta":{"footnotes":""},"class_list":["post-359","page","type-page","status-publish","hentry","entry"],"_links":{"self":[{"href":"https:\/\/monctonhomebuilders.com\/fr\/wp-json\/wp\/v2\/pages\/359","targetHints":{"allow":["GET"]}}],"collection":[{"href":"https:\/\/monctonhomebuilders.com\/fr\/wp-json\/wp\/v2\/pages"}],"about":[{"href":"https:\/\/monctonhomebuilders.com\/fr\/wp-json\/wp\/v2\/types\/page"}],"author":[{"embeddable":true,"href":"https:\/\/monctonhomebuilders.com\/fr\/wp-json\/wp\/v2\/users\/1"}],"replies":[{"embeddable":true,"href":"https:\/\/monctonhomebuilders.com\/fr\/wp-json\/wp\/v2\/comments?post=359"}],"version-history":[{"count":6,"href":"https:\/\/monctonhomebuilders.com\/fr\/wp-json\/wp\/v2\/pages\/359\/revisions"}],"predecessor-version":[{"id":995,"href":"https:\/\/monctonhomebuilders.com\/fr\/wp-json\/wp\/v2\/pages\/359\/revisions\/995"}],"up":[{"embeddable":true,"href":"https:\/\/monctonhomebuilders.com\/fr\/wp-json\/wp\/v2\/pages\/54"}],"wp:attachment":[{"href":"https:\/\/monctonhomebuilders.com\/fr\/wp-json\/wp\/v2\/media?parent=359"}],"curies":[{"name":"wp","href":"https:\/\/api.w.org\/{rel}","templated":true}]}}