{"id":361,"date":"2023-12-20T18:06:29","date_gmt":"2023-12-20T18:06:29","guid":{"rendered":"https:\/\/www.monctonhomebuilders.coma-propos-de-nous\/notre-vision-et-mission\/"},"modified":"2024-04-05T17:15:52","modified_gmt":"2024-04-05T17:15:52","slug":"notre-vision-et-mission","status":"publish","type":"page","link":"https:\/\/monctonhomebuilders.com\/fr\/a-propos-de-nous\/notre-vision-et-mission\/","title":{"rendered":"Notre vision et mission"},"content":{"rendered":"\n<div class=\"wp-block-themepunch-revslider revslider\" data-modal=\"false\" data-slidertitle=\"Vision and Mission\" style=\"\">\n\t\t\t\t<p class=\"rs-p-wp-fix\"><\/p>\n\t\t\t\t<sr7-module data-alias=\"code-of-ethics-1\" data-id=\"13\" id=\"SR7_13_1\" class=\"rs-ov-hidden\" data-version=\"6.7.51\">\n\t\t\t\t\t<sr7-adjuster><\/sr7-adjuster>\n\t\t\t\t\t<sr7-content>\n\t\t\t\t\t\t<sr7-slide id=\"SR7_13_1-15STR1\" data-key=\"15STR1\">\n\t\t\t\t\t\t\t<sr7-txt id=\"SR7_13_1-15STR1-1\" class=\"sr7-layer\">Notre vision et mission<\/sr7-txt>\n\t\t\t\t\t\t<\/sr7-slide>\n\t\t\t\t\t\t<sr7-slide id=\"SR7_13_1-50\" data-key=\"50\">\n\t\t\t\t\t\t<\/sr7-slide>\n\t\t\t\t\t<\/sr7-content>\n\t\t\t\t\t<image_lists style=\"display:none\">\n\t\t\t\t\t\t<img data-src=\"\/\/monctonhomebuilders.com\/wp-content\/uploads\/2024\/04\/Vision.jpg\" data-libid=\"1393\" data-lib=\"medialibrary\" title=\"xr:d:DAGAs-f2Alg:16,j:8943446881690963927,t:24040513\" width=\"0\" height=\"0\" data-dbsrc=\"Ly9tb25jdG9uaG9tZWJ1aWxkZXJzLmNvbS93cC1jb250ZW50L3VwbG9hZHMvMjAyNC8wNC9WaXNpb24uanBn\"\/>\n\t\t\t\t\t\t<img data-src=\"\/\/monctonhomebuilders.com\/wp-content\/uploads\/2024\/01\/iStock_000001750359Large.jpg\" width=\"0\" height=\"0\" data-dbsrc=\"Ly9tb25jdG9uaG9tZWJ1aWxkZXJzLmNvbS93cC1jb250ZW50L3VwbG9hZHMvMjAyNC8wMS9pU3RvY2tfMDAwMDAxNzUwMzU5TGFyZ2UuanBn\"\/>\n\t\t\t\t\t<\/image_lists>\n\t\t\t\t<\/sr7-module>\n\t\t\t\t<script>\n\t\t\t\t\twindow.SR7 ??={};SR7.PMH ??={}; SR7.PMH[\"SR7_13_1\"] = {cn:100,state:false,fn: function() { if (window._tpt!==undefined && window._tpt.prepareModuleHeight !== undefined) {  _tpt.prepareModuleHeight({id:\"SR7_13_1\",el:[400,400,300,250,250],type:'standard',shdw:'0',gh:[400,400,300,250,250],gw:[1240,1240,1024,778,480],vpt:['100px&#039;,&#039;100px&#039;,&#039;100px&#039;,&#039;100px&#039;,&#039;100px'],size:{fullWidth:true, fullHeight:false},mh:'0',onh:0,onw:0,bg:{color:'{\"type\":\"solid\",\"orig\":\"#107741\",\"string\":\"rgba(16, 119, 65, 1)\"}'}});   SR7.PMH[\"SR7_13_1\"].state=true;} else if(SR7.PMH[\"SR7_13_1\"].cn-->0)\tsetTimeout( SR7.PMH[\"SR7_13_1\"].fn,19);}};SR7.PMH[\"SR7_13_1\" ].fn();\n\t\t\t\t<\/script>\n<\/div>\n\n\n\n<p>L\u2019objectif principal de l\u2019ACHGM est d\u2019aider ses membres \u00e0 r\u00e9pondre aux besoins et \u00e0 r\u00e9pondre aux aspirations des consommateurs en mati\u00e8re de logement. Notre mission est d\u2019\u00eatre la voix de l\u2019industrie de la construction r\u00e9sidentielle; r\u00e9aliser un environnement dans lequel nos membres peuvent op\u00e9rer de mani\u00e8re rentable; et promouvoir l\u2019accessibilit\u00e9 \u00e9conomique et le choix en mati\u00e8re de logement.<\/p>\n\n\n\n<p><\/p>\n","protected":false},"excerpt":{"rendered":"<p>L\u2019objectif principal de l\u2019ACHGM est d\u2019aider ses membres \u00e0 r\u00e9pondre aux besoins et \u00e0 r\u00e9pondre aux aspirations des consommateurs en mati\u00e8re de logement. Notre mission est d\u2019\u00eatre la voix de l\u2019industrie de la construction r\u00e9sidentielle; r\u00e9aliser un environnement dans lequel nos membres peuvent op\u00e9rer de mani\u00e8re rentable; et promouvoir l\u2019accessibilit\u00e9 \u00e9conomique et le choix en&hellip; <a class=\"more-link\" href=\"https:\/\/monctonhomebuilders.com\/fr\/a-propos-de-nous\/notre-vision-et-mission\/\">Poursuivre la lecture <span class=\"screen-reader-text\">Notre vision et mission<\/span><\/a><\/p>\n","protected":false},"author":1,"featured_media":166,"parent":54,"menu_order":3,"comment_status":"closed","ping_status":"closed","template":"","meta":{"footnotes":""},"class_list":["post-361","page","type-page","status-publish","has-post-thumbnail","hentry","entry"],"_links":{"self":[{"href":"https:\/\/monctonhomebuilders.com\/fr\/wp-json\/wp\/v2\/pages\/361","targetHints":{"allow":["GET"]}}],"collection":[{"href":"https:\/\/monctonhomebuilders.com\/fr\/wp-json\/wp\/v2\/pages"}],"about":[{"href":"https:\/\/monctonhomebuilders.com\/fr\/wp-json\/wp\/v2\/types\/page"}],"author":[{"embeddable":true,"href":"https:\/\/monctonhomebuilders.com\/fr\/wp-json\/wp\/v2\/users\/1"}],"replies":[{"embeddable":true,"href":"https:\/\/monctonhomebuilders.com\/fr\/wp-json\/wp\/v2\/comments?post=361"}],"version-history":[{"count":5,"href":"https:\/\/monctonhomebuilders.com\/fr\/wp-json\/wp\/v2\/pages\/361\/revisions"}],"predecessor-version":[{"id":1517,"href":"https:\/\/monctonhomebuilders.com\/fr\/wp-json\/wp\/v2\/pages\/361\/revisions\/1517"}],"up":[{"embeddable":true,"href":"https:\/\/monctonhomebuilders.com\/fr\/wp-json\/wp\/v2\/pages\/54"}],"wp:featuredmedia":[{"embeddable":true,"href":"https:\/\/monctonhomebuilders.com\/fr\/wp-json\/wp\/v2\/media\/166"}],"wp:attachment":[{"href":"https:\/\/monctonhomebuilders.com\/fr\/wp-json\/wp\/v2\/media?parent=361"}],"curies":[{"name":"wp","href":"https:\/\/api.w.org\/{rel}","templated":true}]}}