{"id":364,"date":"2024-01-02T21:53:36","date_gmt":"2024-01-02T21:53:36","guid":{"rendered":"https:\/\/www.monctonhomebuilders.comdevenir-membre\/avantages-des-membres\/"},"modified":"2024-04-05T17:00:53","modified_gmt":"2024-04-05T17:00:53","slug":"avantages-des-membres","status":"publish","type":"page","link":"https:\/\/monctonhomebuilders.com\/fr\/devenir-membre\/avantages-des-membres\/","title":{"rendered":"Avantages des membres"},"content":{"rendered":"\n<div class=\"wp-block-themepunch-revslider revslider\" data-modal=\"false\" data-slidertitle=\"Member benefits\" style=\"\">\n\t\t\t\t<p class=\"rs-p-wp-fix\"><\/p>\n\t\t\t\t<sr7-module data-alias=\"member-11\" data-id=\"15\" id=\"SR7_15_1\" class=\"rs-ov-hidden\" data-version=\"6.7.51\">\n\t\t\t\t\t<sr7-adjuster><\/sr7-adjuster>\n\t\t\t\t\t<sr7-content>\n\t\t\t\t\t\t<sr7-slide id=\"SR7_15_1-17STR1\" data-key=\"17STR1\">\n\t\t\t\t\t\t\t<sr7-txt id=\"SR7_15_1-17STR1-1\" class=\"sr7-layer\">Avantages des membres<\/sr7-txt>\n\t\t\t\t\t\t<\/sr7-slide>\n\t\t\t\t\t\t<sr7-slide id=\"SR7_15_1-52\" data-key=\"52\">\n\t\t\t\t\t\t<\/sr7-slide>\n\t\t\t\t\t<\/sr7-content>\n\t\t\t\t\t<image_lists style=\"display:none\">\n\t\t\t\t\t\t<img data-src=\"\/\/monctonhomebuilders.com\/wp-content\/uploads\/2024\/04\/IMG_3745-1.jpg\" data-libid=\"1379\" data-lib=\"medialibrary\" title=\"IMG_3745 (1)\" width=\"0\" height=\"0\" data-dbsrc=\"Ly9tb25jdG9uaG9tZWJ1aWxkZXJzLmNvbS93cC1jb250ZW50L3VwbG9hZHMvMjAyNC8wNC9JTUdfMzc0NS0xLmpwZw==\"\/>\n\t\t\t\t\t<\/image_lists>\n\t\t\t\t<\/sr7-module>\n\t\t\t\t<script>\n\t\t\t\t\twindow.SR7 ??={};SR7.PMH ??={}; SR7.PMH[\"SR7_15_1\"] = {cn:100,state:false,fn: function() { if (window._tpt!==undefined && window._tpt.prepareModuleHeight !== undefined) {  _tpt.prepareModuleHeight({id:\"SR7_15_1\",el:[400,400,300,250,250],type:'standard',shdw:'0',gh:[400,400,300,250,250],gw:[1240,1240,1024,778,480],vpt:['100px&#039;,&#039;100px&#039;,&#039;100px&#039;,&#039;100px&#039;,&#039;100px'],size:{fullWidth:true, fullHeight:false},mh:'0',onh:0,onw:0,bg:{color:'{\"type\":\"solid\",\"orig\":\"#107741\",\"string\":\"rgba(16, 119, 65, 1)\"}'}});   SR7.PMH[\"SR7_15_1\"].state=true;} else if(SR7.PMH[\"SR7_15_1\"].cn-->0)\tsetTimeout( SR7.PMH[\"SR7_15_1\"].fn,19);}};SR7.PMH[\"SR7_15_1\" ].fn();\n\t\t\t\t<\/script>\n<\/div>\n\n\n\n<h2 class=\"wp-block-heading\">10 DES AVANTAGES QUE L\u2018ACHGM VOUS OFFRE<\/h2>\n\n\n\n<p><strong>1. Information \u00e0 jour<\/strong><br>La revue National Home Builders&rsquo; ainsi que des bulletins p\u00e9riodiques au niveau national, provincial et local fournissent aux membres des nouvelles courantes, des id\u00e9es, des suggestions, des sondages, des statistiques et des renseignements techniques qui se sont av\u00e9r\u00e9s \u00eatre d&rsquo;une grande valeur.<\/p>\n\n\n\n<p><strong>2. Formation et \u00e9ducation<\/strong><br>Pour exploiter une entreprise avec un profit dans une structure \u00e9conomique solide n\u00e9cessite qu&rsquo;on soit constamment alerte. Il faut comprendre une bonne comptabilit\u00e9 des co\u00fbts, une estimation appropri\u00e9e, des frais g\u00e9n\u00e9raux et une marge b\u00e9n\u00e9ficiaire raisonnable. L&rsquo;Atlantic Home Builders&rsquo; Training Board, la Soci\u00e9t\u00e9 de garantie des maisons neuves de l&rsquo;Atlantique et le programme R-2000 fournissent tous des ateliers et s\u00e9minaires d&rsquo;\u00e9ducation et de formation sur de nombreux aspects de l&rsquo;industrie de la construction de maisons.<\/p>\n\n\n\n<p><strong>3. Liaison avec le gouvernement<\/strong><br>L&rsquo;association des constructeurs de maisons est la voix de l&rsquo;industrie de construction r\u00e9sidentielle aupr\u00e8s des gouvernements municipal, provincial et f\u00e9d\u00e9ral. De nombreux avantages directs ont \u00e9t\u00e9 r\u00e9alis\u00e9s par le biais d&rsquo;une collaboration entre les gouvernements et les comit\u00e9s de l&rsquo;ACCH. Elles n&rsquo;auraient pas pu \u00eatre r\u00e9alis\u00e9es par des membres individuels agissant seuls.<\/p>\n\n\n\n<p><strong>4. Normes de construction<\/strong><br>L&rsquo;ACHGM, par le biais du Comit\u00e9 de recherche de l&rsquo;ACCH et du Conseil national de la recherche travaille constamment sur la r\u00e9vision des normes de construction qui s&rsquo;appliquent \u00e0 la construction et au rendement des mat\u00e9riaux et produits utilis\u00e9s dans l&rsquo;industrie de la construction r\u00e9sidentielle.<\/p>\n\n\n\n<p><strong>5. Probl\u00e8mes d&rsquo;urgence<\/strong><br>Quand un d\u00e9sastre frappe, une action rapide est requise. C&rsquo;est seulement avec une association bien organis\u00e9 qu&rsquo;on peut faire face rapidement aux probl\u00e8mes avec une action positive. L&rsquo;ACHGM agit avec une capacit\u00e9 \u00ab d&rsquo;assurance \u00bb pour ses membres. Un bureau central et son personnel sont \u00e0 votre disposition en tout temps.<\/p>\n\n\n\n<p><strong>6. Promotion et relations publiques<\/strong><br>Notre industrie est un secteur organis\u00e9 avec un immense potentiel de croissance. L&rsquo;ACHGM poss\u00e8de les moyens pour informer les clients et le grand public sur les avantages de faire affaire avec les membres de cette Association. Des affiches, brochures et un r\u00e9pertoire des membres sont disponibles pour les membres. Le mois national des maisons neuves et le mois de la r\u00e9novation pr\u00e9sentent une occasion de donner un effort concentr\u00e9 pour collaborer sur une campagne dynamique de publicit\u00e9 et de promotion de l&rsquo;industrie de la construction r\u00e9sidentielle.<\/p>\n\n\n\n<p><strong>7. Congr\u00e8s nationaux et provinciaux<\/strong><br>Le congr\u00e8s annuel de l&rsquo;Association est reconnu comme l&rsquo;un des meilleurs au pays. Il donne aux constructeurs de maisons une occasion de suivre un cours de recyclage pour am\u00e9liorer leur entreprise, d&rsquo;inspecter des nouveaux mat\u00e9riaux et des nouvelles techniques d\u00e9montr\u00e9s par des fabricants canadiens et am\u00e9ricains et d&rsquo;\u00e9couter des experts en habitation discuter des probl\u00e8mes courants et des tendances du march\u00e9.<\/p>\n\n\n\n<p><strong>8. Liaison avec la Soci\u00e9t\u00e9 canadienne d&rsquo;hypoth\u00e8ques et de logement (SCHL)<\/strong><br>L&rsquo;ACCH comporte un comit\u00e9 actif de liaison qui rencontre r\u00e9guli\u00e8rement la SCHL pour discuter des probl\u00e8mes qui affectent directement votre travail \u2013 et ils obtiennent des r\u00e9ponses. C&rsquo;est parce que les gens de la SCHL savent qu&rsquo;ils travaillent avec un organisme qui veut travailler en collaboration. De plus, la SCHL est active au niveau local pour assurer de bonnes relations \u00e0 tous les niveaux de l&rsquo;Association.<\/p>\n\n\n\n<p><strong>9. R\u00e9unions mensuelles<\/strong><br>Les r\u00e9unions ordinaires mensuelles et autres rencontres sociales de l&rsquo;ACHGM pr\u00e9sentent d&rsquo;excellentes occasions pour les membres de parler des choses qui les d\u00e9rangent, d&rsquo;apprendre les probl\u00e8mes des autres et de profiter de l&rsquo;exp\u00e9rience des autres. Les fournisseurs et les sous-traitants ont \u00e9galement l&rsquo;occasion de se familiariser avec les probl\u00e8mes et besoins de leurs clients \u2013 les constructeurs \u2013 et de d\u00e9couvrir comment mieux les servir.<\/p>\n\n\n\n<p><strong>10. Le Salon de l&rsquo;habitation du Grand Moncton<\/strong><br>Le Salon de l&rsquo;Habitation du Grand Moncton est organis\u00e9 par l&rsquo;ACHGM et offre des rabais aux membres participants afin de promouvoir tous les aspects de l&rsquo;industrie de la construction r\u00e9sidentielle aupr\u00e8s du public acheteur de maisons. \u00c0 chaque printemps, il aide \u00e0 promouvoir les services des professionnels en construction r\u00e9sidentielle de notre r\u00e9gion au tout d\u00e9but de la saison de construction.<\/p>\n","protected":false},"excerpt":{"rendered":"<p>10 DES AVANTAGES QUE L\u2018ACHGM VOUS OFFRE 1. Information \u00e0 jourLa revue National Home Builders&rsquo; ainsi que des bulletins p\u00e9riodiques au niveau national, provincial et local fournissent aux membres des nouvelles courantes, des id\u00e9es, des suggestions, des sondages, des statistiques et des renseignements techniques qui se sont av\u00e9r\u00e9s \u00eatre d&rsquo;une grande valeur. 2. Formation et&hellip; <a class=\"more-link\" href=\"https:\/\/monctonhomebuilders.com\/fr\/devenir-membre\/avantages-des-membres\/\">Poursuivre la lecture <span class=\"screen-reader-text\">Avantages des membres<\/span><\/a><\/p>\n","protected":false},"author":1,"featured_media":0,"parent":363,"menu_order":1,"comment_status":"closed","ping_status":"closed","template":"","meta":{"footnotes":""},"class_list":["post-364","page","type-page","status-publish","hentry","entry"],"_links":{"self":[{"href":"https:\/\/monctonhomebuilders.com\/fr\/wp-json\/wp\/v2\/pages\/364","targetHints":{"allow":["GET"]}}],"collection":[{"href":"https:\/\/monctonhomebuilders.com\/fr\/wp-json\/wp\/v2\/pages"}],"about":[{"href":"https:\/\/monctonhomebuilders.com\/fr\/wp-json\/wp\/v2\/types\/page"}],"author":[{"embeddable":true,"href":"https:\/\/monctonhomebuilders.com\/fr\/wp-json\/wp\/v2\/users\/1"}],"replies":[{"embeddable":true,"href":"https:\/\/monctonhomebuilders.com\/fr\/wp-json\/wp\/v2\/comments?post=364"}],"version-history":[{"count":4,"href":"https:\/\/monctonhomebuilders.com\/fr\/wp-json\/wp\/v2\/pages\/364\/revisions"}],"predecessor-version":[{"id":1505,"href":"https:\/\/monctonhomebuilders.com\/fr\/wp-json\/wp\/v2\/pages\/364\/revisions\/1505"}],"up":[{"embeddable":true,"href":"https:\/\/monctonhomebuilders.com\/fr\/wp-json\/wp\/v2\/pages\/363"}],"wp:attachment":[{"href":"https:\/\/monctonhomebuilders.com\/fr\/wp-json\/wp\/v2\/media?parent=364"}],"curies":[{"name":"wp","href":"https:\/\/api.w.org\/{rel}","templated":true}]}}