{"id":369,"date":"2024-01-02T22:09:55","date_gmt":"2024-01-02T22:09:55","guid":{"rendered":"https:\/\/www.monctonhomebuilders.commettez-le-par-ecrit\/"},"modified":"2024-04-05T17:06:05","modified_gmt":"2024-04-05T17:06:05","slug":"mettez-le-par-ecrit","status":"publish","type":"page","link":"https:\/\/monctonhomebuilders.com\/fr\/proprietaires\/mettez-le-par-ecrit\/","title":{"rendered":"Mettez-le par \u00e9crit"},"content":{"rendered":"\n<div class=\"wp-block-themepunch-revslider revslider\" data-modal=\"false\" data-slidertitle=\"Get in Writing\" style=\"\">\n\t\t\t\t<p class=\"rs-p-wp-fix\"><\/p>\n\t\t\t\t<sr7-module data-alias=\"homeowners-11\" data-id=\"11\" id=\"SR7_11_1\" class=\"rs-ov-hidden\" data-version=\"6.7.51\">\n\t\t\t\t\t<sr7-adjuster><\/sr7-adjuster>\n\t\t\t\t\t<sr7-content>\n\t\t\t\t\t\t<sr7-slide id=\"SR7_11_1-13STR1\" data-key=\"13STR1\">\n\t\t\t\t\t\t\t<sr7-txt id=\"SR7_11_1-13STR1-1\" class=\"sr7-layer\">Mettez-le par \u00e9crit<\/sr7-txt>\n\t\t\t\t\t\t<\/sr7-slide>\n\t\t\t\t\t\t<sr7-slide id=\"SR7_11_1-48\" data-key=\"48\">\n\t\t\t\t\t\t<\/sr7-slide>\n\t\t\t\t\t<\/sr7-content>\n\t\t\t\t\t<image_lists style=\"display:none\">\n\t\t\t\t\t\t<img data-src=\"\/\/monctonhomebuilders.com\/wp-content\/uploads\/2024\/04\/Get-it-in-Writing-1.jpg\" data-libid=\"1370\" data-lib=\"medialibrary\" title=\"Get-it-in-Writing-1\" width=\"0\" height=\"0\" data-dbsrc=\"Ly9tb25jdG9uaG9tZWJ1aWxkZXJzLmNvbS93cC1jb250ZW50L3VwbG9hZHMvMjAyNC8wNC9HZXQtaXQtaW4tV3JpdGluZy0xLmpwZw==\"\/>\n\t\t\t\t\t\t<img data-src=\"\/\/monctonhomebuilders.com\/wp-content\/uploads\/2024\/04\/get-it-writing-2-scaled.jpg\" data-libid=\"1407\" data-lib=\"medialibrary\" title=\"xr:d:DAGAs-f2Alg:52,j:2354680629389593153,t:24040514\" width=\"0\" height=\"0\" data-dbsrc=\"Ly9tb25jdG9uaG9tZWJ1aWxkZXJzLmNvbS93cC1jb250ZW50L3VwbG9hZHMvMjAyNC8wNC9nZXQtaXQtd3JpdGluZy0yLXNjYWxlZC5qcGc=\"\/>\n\t\t\t\t\t<\/image_lists>\n\t\t\t\t<\/sr7-module>\n\t\t\t\t<script>\n\t\t\t\t\twindow.SR7 ??={};SR7.PMH ??={}; SR7.PMH[\"SR7_11_1\"] = {cn:100,state:false,fn: function() { if (window._tpt!==undefined && window._tpt.prepareModuleHeight !== undefined) {  _tpt.prepareModuleHeight({id:\"SR7_11_1\",el:[400,400,300,250,250],type:'standard',shdw:'0',gh:[400,400,300,250,250],gw:[1240,1240,1024,778,480],vpt:['100px&#039;,&#039;100px&#039;,&#039;100px&#039;,&#039;100px&#039;,&#039;100px'],size:{fullWidth:true, fullHeight:false},mh:'0',onh:0,onw:0,bg:{color:'{\"type\":\"solid\",\"orig\":\"#107741\",\"string\":\"rgba(16, 119, 65, 1)\"}'}});   SR7.PMH[\"SR7_11_1\"].state=true;} else if(SR7.PMH[\"SR7_11_1\"].cn-->0)\tsetTimeout( SR7.PMH[\"SR7_11_1\"].fn,19);}};SR7.PMH[\"SR7_11_1\" ].fn();\n\t\t\t\t<\/script>\n<\/div>\n\n\n\n<h2 class=\"wp-block-heading\">POURQUOI AVOIR UN CONTRAT \u00c9CRIT FAIT DU SENS<\/h2>\n\n\n\n<p>Avoir un contrat \u00e9crit vous permet de contr\u00f4ler votre r\u00e9novation ou projet de construction, et est un bon moyen de se prot\u00e9ger et d\u2019assurer la satisfaction \u00e0 long terme.<\/p>\n\n\n\n<h2 class=\"wp-block-heading\"><strong>\u00c9TAPES POUR LE SUCC\u00c8S DE VOTRE PROJET<\/strong><\/h2>\n\n\n\n<p>Travailler avec un bon professionnel et avoir un contrat \u00e9crit aidera \u00e0 assurer que votre projet de construction ou de r\u00e9novation se passe bien \u2013 \u00e0 chaque \u00e9tape du processus.<\/p>\n\n\n\n<p>R\u00e9daction du contrat<\/p>\n\n\n\n<h2 class=\"wp-block-heading\"><strong>PRENDRE LES CHOSES EN MAIN<\/strong><\/h2>\n\n\n\n<p>Quand on a des travaux de r\u00e9novation \u00e0 effectuer, ou qu\u2019on d\u00e9sire se faire construire une maison sur mesure, on veut que le projet se d\u00e9roule rapidement et sans soucis. Comment y arriver? Si la perfection n\u2019est jamais une certitude, vous pouvez n\u00e9anmoins prendre votre projet en main avec un contrat \u00e9crit et utiliser l\u2019information et les outils offerts pour prendre les commandes.<\/p>\n\n\n\n<h3 class=\"wp-block-heading\">Faire des recherches<\/h3>\n\n\n\n<p>Il y a beaucoup \u00e0 apprendre au sujet des entrepreneurs, des contrats et de la construction. La meilleure fa\u00e7on de veiller \u00e0 la bonne marche des affaires et d\u2019obtenir les r\u00e9sultats souhait\u00e9s est de s\u2019informer. Pour en savoir plus, consultez la section S\u2019informer.<\/p>\n\n\n\n<h3 class=\"wp-block-heading\">Tout mettre par \u00e9crit<\/h3>\n\n\n\n<p>Le fait d\u2019avoir un contrat \u00e9crit vous donne d\u00e8s le d\u00e9but le dessus sur votre projet de r\u00e9novation ou de construction, et c\u2019est l\u2019une des meilleures fa\u00e7ons de vous prot\u00e9ger et d\u2019assurer votre satisfaction \u00e0 long terme. Consignez tout par \u00e9crit pendant la dur\u00e9e du contrat, y compris les formulaires de modification si vous d\u00e9cidez de modifier les plans. De plus, conservez tous les re\u00e7us. Conserver une trace \u00e9crite aide \u00e0 pr\u00e9venir les erreurs et les malentendus. Pour en savoir davantage, consultez les sections Les contrats et Apporter des changements \u00e0 un contrat.<\/p>\n\n\n\n<h3 class=\"wp-block-heading\">Trouver de l\u2019aide<\/h3>\n\n\n\n<p>Pour les projets de r\u00e9novation de grande envergure et de construction de maisons sur mesure, vous devriez \u00e9galement faire examiner le contrat provisoire par un avocat avant de signer.<\/p>\n\n\n\n<h3 class=\"wp-block-heading\">Donner suite aux garanties<\/h3>\n\n\n\n<p>Les entrepreneurs en r\u00e9novation professionnels fournissent une garantie \u00e9crite de la qualit\u00e9 de leurs travaux, et les constructeurs de maisons sur mesure fournissent souvent une garantie pour maison assur\u00e9e par un tiers (obligatoire dans certaines provinces). Si vous n\u2019\u00eates pas satisfaits d\u2019un \u00e9l\u00e9ment du projet termin\u00e9, donnez rapidement suite aux \u00e9l\u00e9ments couverts. C\u2019est votre droit, et c\u2019est \u00e0 vous d\u2019y voir.<\/p>\n","protected":false},"excerpt":{"rendered":"<p>POURQUOI AVOIR UN CONTRAT \u00c9CRIT FAIT DU SENS Avoir un contrat \u00e9crit vous permet de contr\u00f4ler votre r\u00e9novation ou projet de construction, et est un bon moyen de se prot\u00e9ger et d\u2019assurer la satisfaction \u00e0 long terme. \u00c9TAPES POUR LE SUCC\u00c8S DE VOTRE PROJET Travailler avec un bon professionnel et avoir un contrat \u00e9crit aidera&hellip; <a class=\"more-link\" href=\"https:\/\/monctonhomebuilders.com\/fr\/proprietaires\/mettez-le-par-ecrit\/\">Poursuivre la lecture <span class=\"screen-reader-text\">Mettez-le par \u00e9crit<\/span><\/a><\/p>\n","protected":false},"author":1,"featured_media":0,"parent":373,"menu_order":7,"comment_status":"closed","ping_status":"closed","template":"","meta":{"footnotes":""},"class_list":["post-369","page","type-page","status-publish","hentry","entry"],"_links":{"self":[{"href":"https:\/\/monctonhomebuilders.com\/fr\/wp-json\/wp\/v2\/pages\/369","targetHints":{"allow":["GET"]}}],"collection":[{"href":"https:\/\/monctonhomebuilders.com\/fr\/wp-json\/wp\/v2\/pages"}],"about":[{"href":"https:\/\/monctonhomebuilders.com\/fr\/wp-json\/wp\/v2\/types\/page"}],"author":[{"embeddable":true,"href":"https:\/\/monctonhomebuilders.com\/fr\/wp-json\/wp\/v2\/users\/1"}],"replies":[{"embeddable":true,"href":"https:\/\/monctonhomebuilders.com\/fr\/wp-json\/wp\/v2\/comments?post=369"}],"version-history":[{"count":8,"href":"https:\/\/monctonhomebuilders.com\/fr\/wp-json\/wp\/v2\/pages\/369\/revisions"}],"predecessor-version":[{"id":1513,"href":"https:\/\/monctonhomebuilders.com\/fr\/wp-json\/wp\/v2\/pages\/369\/revisions\/1513"}],"up":[{"embeddable":true,"href":"https:\/\/monctonhomebuilders.com\/fr\/wp-json\/wp\/v2\/pages\/373"}],"wp:attachment":[{"href":"https:\/\/monctonhomebuilders.com\/fr\/wp-json\/wp\/v2\/media?parent=369"}],"curies":[{"name":"wp","href":"https:\/\/api.w.org\/{rel}","templated":true}]}}