{"id":371,"date":"2024-01-02T22:08:55","date_gmt":"2024-01-02T22:08:55","guid":{"rendered":"https:\/\/www.monctonhomebuilders.compourquoi-choisir-un-membre-de-la-gmhba\/"},"modified":"2024-01-11T18:30:52","modified_gmt":"2024-01-11T18:30:52","slug":"pourquoi-choisir-un-membre-de-la-gmhba","status":"publish","type":"page","link":"https:\/\/monctonhomebuilders.com\/fr\/proprietaires\/pourquoi-choisir-un-membre-de-la-gmhba\/","title":{"rendered":"Pourquoi choisir un membre de la GMHBA"},"content":{"rendered":"\n<p>Si vous partez avec une maison nouvellement construite ou si vous apportez des am\u00e9liorations \u00e0 la maison ou au jardin et que vous souhaitez faire le bon choix et obtenir la qualit\u00e9 et le service que vous d\u00e9sirez, adressez-vous aux membres de la Greater Moncton Home Builders Association. Tous les membres de la GMHBA ont accept\u00e9 de respecter les normes professionnelles dans les produits et services qu&rsquo;ils proposent. Pour \u00eatre admissible \u00e0 l&rsquo;adh\u00e9sion, les entreprises doivent d&rsquo;abord accepter de se conformer \u00e0 notre code de d\u00e9ontologie. Les membres passent \u00e9galement par un processus de s\u00e9lection et sont soumis \u00e0 une p\u00e9riode d&rsquo;essai d&rsquo;un an.<\/p>\n\n\n\n<p><em><strong>Constructeurs professionnels qualifi\u00e9s<\/strong><\/em><\/p>\n\n\n\n<p>En plus de satisfaire aux crit\u00e8res ci-dessus, bon nombre des membres constructeurs de l\u2019AGSSM ont acquis une qualification professionnelle en r\u00e9alisant la cible <strong><a href=\"https:\/\/www.nbhomebuilders.ca\/list-tags\/master-builders\/\" target=\"_blank\" rel=\"noreferrer noopener\">Programme de cr\u00e9ation de maisons professionnelles certifi\u00e9es (d\u00e9signation ou certification de ma\u00eetre constructeur)<\/a><\/strong>. Chaque membre du constructeur doit \u00e9galement \u00eatre membre d&rsquo;un programme de garantie de tiers pour nouveaux domicile &#8211; qui prot\u00e8ge le consommateur. Au minimum, cela comprend g\u00e9n\u00e9ralement l\u2019assurance-d\u00e9p\u00f4ts et la protection contre les d\u00e9fauts de travail et de mat\u00e9riaux ainsi que les d\u00e9fauts structurels majeurs. Notre association provinciale, y compris toutes les sections locales, a trouv\u00e9 que la garantie \u00e9tait si importante qu\u2019elle avait mandat\u00e9 tous les constructeurs de maisons membres pour qu\u2019ils soient membres d\u2019un programme de garantie de tiers pour habitations neuves.<\/p>\n\n\n\n<p>Les membres constructeurs de maisons ont \u00e9galement acc\u00e8s \u00e0 toutes sortes de recherches et d&rsquo;informations li\u00e9es \u00e0 la construction de maisons et peuvent se tenir au courant des progr\u00e8s technologiques, des r\u00e9glementations, des produits et des mat\u00e9riaux, ainsi que du financement et de la conception. Cela signifie qu&rsquo;ils ont le savoir-faire n\u00e9cessaire pour fournir \u00e0 l&rsquo;acheteur le meilleur et le plus r\u00e9cent du march\u00e9. Construire une nouvelle maison n\u00e9cessite \u00e9galement un travail d\u2019\u00e9quipe et les comp\u00e9tences et l\u2019expertise de nombreux fournisseurs et professionnels. Les membres ont acc\u00e8s \u00e0 un r\u00e9seau de professionnels au sein de l&rsquo;industrie. En outre, de nombreux membres constructeurs de la GMHBA sont des constructeurs certifi\u00e9s Energy Star. Cela signifie qu&rsquo;ils sont form\u00e9s et autoris\u00e9s \u00e0 construire des maisons homologu\u00e9es Energy Star.<\/p>\n\n\n\n<p><em><strong>R\u00e9novateurs Professionnels Qualifi\u00e9s<\/strong><\/em><\/p>\n\n\n\n<p>Si vous envisagez de faire des r\u00e9novations et que vous cherchez un r\u00e9novateur professionnel, l&rsquo;Association canadienne des constructeurs d&rsquo;habitations du Nouveau-Brunswick (ACCH-NB), en collaboration avec l&rsquo;Association des constructeurs d&rsquo;habitations du Grand Moncton, a mis en place le <a href=\"http:\/\/www.renomark.ca\/Home\" target=\"_blank\" rel=\"noreferrer noopener\"><strong>Programme RenoMark \u2122<\/strong><\/a>. Les membres de RenoMark \u2122 ont accept\u00e9 de respecter les normes professionnelles \u00e9nonc\u00e9es dans le code de conduite RenoMark \u2122, \u00e0 savoir: fournir un contrat \u00e9crit d\u00e9taill\u00e9 pour tous les travaux; offrir une garantie de deux ans sur tous les travaux; avoir une couverture pour la s\u00e9curit\u00e9 sur le lieu de travail et la responsabilit\u00e9 des employeurs; une assurance responsabilit\u00e9 civile de 2 millions de dollars; et maintenir un niveau de connaissances professionnel sur les codes et permis de construction actuels, pour n&rsquo;en citer que quelques-uns.<\/p>\n\n\n\n<div class=\"wp-block-buttons is-layout-flex wp-block-buttons-is-layout-flex\">\n<div class=\"wp-block-button\"><a class=\"wp-block-button__link wp-element-button\" href=\"https:\/\/monctonhomebuilders.com\/fr\/proprietaires\/trouver-un-professionnel\/#!directory\" target=\"_blank\" rel=\"noreferrer noopener\">r\u00e9pertoire des membres<\/a><\/div>\n<\/div>\n","protected":false},"excerpt":{"rendered":"<p>Si vous partez avec une maison nouvellement construite ou si vous apportez des am\u00e9liorations \u00e0 la maison ou au jardin et que vous souhaitez faire le bon choix et obtenir la qualit\u00e9 et le service que vous d\u00e9sirez, adressez-vous aux membres de la Greater Moncton Home Builders Association. Tous les membres de la GMHBA ont&hellip; <a class=\"more-link\" href=\"https:\/\/monctonhomebuilders.com\/fr\/proprietaires\/pourquoi-choisir-un-membre-de-la-gmhba\/\">Poursuivre la lecture <span class=\"screen-reader-text\">Pourquoi choisir un membre de la GMHBA<\/span><\/a><\/p>\n","protected":false},"author":1,"featured_media":0,"parent":373,"menu_order":6,"comment_status":"closed","ping_status":"closed","template":"","meta":{"footnotes":""},"class_list":["post-371","page","type-page","status-publish","hentry","entry"],"_links":{"self":[{"href":"https:\/\/monctonhomebuilders.com\/fr\/wp-json\/wp\/v2\/pages\/371","targetHints":{"allow":["GET"]}}],"collection":[{"href":"https:\/\/monctonhomebuilders.com\/fr\/wp-json\/wp\/v2\/pages"}],"about":[{"href":"https:\/\/monctonhomebuilders.com\/fr\/wp-json\/wp\/v2\/types\/page"}],"author":[{"embeddable":true,"href":"https:\/\/monctonhomebuilders.com\/fr\/wp-json\/wp\/v2\/users\/1"}],"replies":[{"embeddable":true,"href":"https:\/\/monctonhomebuilders.com\/fr\/wp-json\/wp\/v2\/comments?post=371"}],"version-history":[{"count":6,"href":"https:\/\/monctonhomebuilders.com\/fr\/wp-json\/wp\/v2\/pages\/371\/revisions"}],"predecessor-version":[{"id":805,"href":"https:\/\/monctonhomebuilders.com\/fr\/wp-json\/wp\/v2\/pages\/371\/revisions\/805"}],"up":[{"embeddable":true,"href":"https:\/\/monctonhomebuilders.com\/fr\/wp-json\/wp\/v2\/pages\/373"}],"wp:attachment":[{"href":"https:\/\/monctonhomebuilders.com\/fr\/wp-json\/wp\/v2\/media?parent=371"}],"curies":[{"name":"wp","href":"https:\/\/api.w.org\/{rel}","templated":true}]}}