{"id":375,"date":"2023-12-20T18:39:38","date_gmt":"2023-12-20T18:39:38","guid":{"rendered":"https:\/\/www.monctonhomebuilders.comproprietaires\/construire-de-nouveaux\/"},"modified":"2024-04-05T17:03:34","modified_gmt":"2024-04-05T17:03:34","slug":"construire-de-nouveaux","status":"publish","type":"page","link":"https:\/\/monctonhomebuilders.com\/fr\/proprietaires\/construire-de-nouveaux\/","title":{"rendered":"Construire une nouvelle maison"},"content":{"rendered":"\n<div class=\"wp-block-themepunch-revslider revslider\" data-modal=\"false\" data-slidertitle=\"New Home Construction\" style=\"\">\n\t\t\t\t<p class=\"rs-p-wp-fix\"><\/p>\n\t\t\t\t<sr7-module data-alias=\"homeowners-12\" data-id=\"16\" id=\"SR7_16_1\" class=\"rs-ov-hidden\" data-version=\"6.7.51\">\n\t\t\t\t\t<sr7-adjuster><\/sr7-adjuster>\n\t\t\t\t\t<sr7-content>\n\t\t\t\t\t\t<sr7-slide id=\"SR7_16_1-19STR1\" data-key=\"19STR1\">\n\t\t\t\t\t\t\t<sr7-txt id=\"SR7_16_1-19STR1-1\" class=\"sr7-layer\">Construire une nouvelle maison<\/sr7-txt>\n\t\t\t\t\t\t<\/sr7-slide>\n\t\t\t\t\t\t<sr7-slide id=\"SR7_16_1-53\" data-key=\"53\">\n\t\t\t\t\t\t<\/sr7-slide>\n\t\t\t\t\t<\/sr7-content>\n\t\t\t\t\t<image_lists style=\"display:none\">\n\t\t\t\t\t\t<img data-src=\"\/\/monctonhomebuilders.com\/wp-content\/uploads\/2024\/04\/Get-it-in-Writing-1.jpg\" data-libid=\"1370\" data-lib=\"medialibrary\" title=\"Get-it-in-Writing-1\" width=\"0\" height=\"0\" data-dbsrc=\"Ly9tb25jdG9uaG9tZWJ1aWxkZXJzLmNvbS93cC1jb250ZW50L3VwbG9hZHMvMjAyNC8wNC9HZXQtaXQtaW4tV3JpdGluZy0xLmpwZw==\"\/>\n\t\t\t\t\t\t<img data-src=\"\/\/monctonhomebuilders.com\/wp-content\/uploads\/2024\/04\/New-Home-Construction.jpg\" data-libid=\"1397\" data-lib=\"medialibrary\" title=\"Sans titre\" width=\"0\" height=\"0\" data-dbsrc=\"Ly9tb25jdG9uaG9tZWJ1aWxkZXJzLmNvbS93cC1jb250ZW50L3VwbG9hZHMvMjAyNC8wNC9OZXctSG9tZS1Db25zdHJ1Y3Rpb24uanBn\"\/>\n\t\t\t\t\t<\/image_lists>\n\t\t\t\t<\/sr7-module>\n\t\t\t\t<script>\n\t\t\t\t\twindow.SR7 ??={};SR7.PMH ??={}; SR7.PMH[\"SR7_16_1\"] = {cn:100,state:false,fn: function() { if (window._tpt!==undefined && window._tpt.prepareModuleHeight !== undefined) {  _tpt.prepareModuleHeight({id:\"SR7_16_1\",el:[400,400,300,250,250],type:'standard',shdw:'0',gh:[400,400,300,250,250],gw:[1240,1240,1024,778,480],vpt:['100px&#039;,&#039;100px&#039;,&#039;100px&#039;,&#039;100px&#039;,&#039;100px'],size:{fullWidth:true, fullHeight:false},mh:'0',onh:0,onw:0,bg:{color:'{\"type\":\"solid\",\"orig\":\"#107741\",\"string\":\"rgba(16, 119, 65, 1)\"}'}});   SR7.PMH[\"SR7_16_1\"].state=true;} else if(SR7.PMH[\"SR7_16_1\"].cn-->0)\tsetTimeout( SR7.PMH[\"SR7_16_1\"].fn,19);}};SR7.PMH[\"SR7_16_1\" ].fn();\n\t\t\t\t<\/script>\n<\/div>\n\n\n\n<p>Vous envisagez d&rsquo;acheter une nouvelle maison? <br>Nous avons les informations dont vous avez besoin pour commencer.<\/p>\n\n\n\n<h2 class=\"wp-block-heading\"><strong>&gt; Planification et pr\u00e9paration<\/strong><\/h2>\n\n\n\n<p>1- <a href=\"http:\/\/www.chba.ca\/CHBA\/BuyingNew\/NewExistingHome.aspx\" target=\"_blank\" rel=\"noreferrer noopener\"><strong>Maison neuve ou existante<\/strong><\/a><br>2- <a href=\"http:\/\/www.chba.ca\/CHBA\/BuyingNew\/Planning_for_What_you_Need_and_Want.aspx\" target=\"_blank\" rel=\"noreferrer noopener\"><strong>Planifier ce dont vous avez besoin et ce que vous voulez<\/strong><\/a><br>3- <a href=\"http:\/\/www.chba.ca\/CHBA\/BuyingNew\/Types_of_Home_Ownership_and_Homes.aspx\" target=\"_blank\" rel=\"noreferrer noopener\"><strong>Types d\u2019accession \u00e0 la propri\u00e9t\u00e9 et de maisons<\/strong><\/a><br>4- <a href=\"http:\/\/www.chba.ca\/CHBA\/BuyingNew\/Costs_and_Financing.aspx\" target=\"_blank\" rel=\"noreferrer noopener\"><strong>Co\u00fbts et financement<\/strong><\/a><br>5- <a href=\"http:\/\/www.chba.ca\/CHBA\/BuyingNew\/Your_New_Home_Warranty.aspx\" target=\"_blank\" rel=\"noreferrer noopener\"><strong>Votre garantie sur la nouvelle maison<\/strong><\/a><br>6- <a href=\"http:\/\/www.chba.ca\/CHBA\/BuyingNew\/The_Purchase_Contract.aspx\" target=\"_blank\" rel=\"noreferrer noopener\"><strong>Le contrat d\u2019achat<\/strong><\/a><\/p>\n\n\n\n<h2 class=\"wp-block-heading\"><strong>&gt; O\u00f9 commencer<\/strong><\/h2>\n\n\n\n<p>1- <a href=\"http:\/\/www.chba.ca\/CHBA\/BuyingNew\/Where_to_Start.aspx\" target=\"_blank\" rel=\"noreferrer noopener\"><strong>Par o\u00f9 commencer<\/strong><\/a><br>2- <a href=\"http:\/\/www.chba.ca\/CHBA\/BuyingNew\/What_to_Expect_from_a_Home_Builder.aspx\" target=\"_blank\" rel=\"noreferrer noopener\"><strong>\u00c0 quoi s\u2019attendre un constructeur<\/strong><\/a><br>3- <a href=\"http:\/\/www.chba.ca\/CHBA\/BuyingNew\/Choices_and_Decisions.aspx\" target=\"_blank\" rel=\"noreferrer noopener\"><strong>Choix et d\u00e9cisions<\/strong><\/a><br>4- <a href=\"http:\/\/www.chba.ca\/CHBA\/BuyingNew\/Learn_About_Your_New_Community.aspx\" target=\"_blank\" rel=\"noreferrer noopener\"><strong>En savoir plus sur votre nouvelle communaut\u00e9<\/strong><\/a><br>5- <a href=\"http:\/\/www.chba.ca\/CHBA\/BuyingNew\/The_Construction_Process.aspx\" target=\"_blank\" rel=\"noreferrer noopener\"><strong>Le processus de construction<\/strong><\/a><br>6- <a href=\"http:\/\/www.chba.ca\/CHBA\/BuyingNew\/Taking_Possession.aspx\" target=\"_blank\" rel=\"noreferrer noopener\"><strong>Prendre possession<\/strong><\/a><br>7- <a href=\"http:\/\/www.chba.ca\/CHBA\/BuyingNew\/After_You_Move_In.aspx\" target=\"_blank\" rel=\"noreferrer noopener\"><strong>Apr\u00e8s votre d\u00e9m\u00e9nagement<\/strong><\/a><br>8- <a href=\"http:\/\/www.chba.ca\/CHBA\/BuyingNew\/Net_Zero_Homes\/CHBA\/BuyingNew\/Net-Zero-Homes.aspx?hkey=3f12d1b0-f1d8-4f70-8983-2a090aa10839\" target=\"_blank\" rel=\"noreferrer noopener\"><strong>Net Zero Homes<\/strong><\/a><\/p>\n\n\n\n<p>Source: <a href=\"https:\/\/www.chba.ca\" data-type=\"link\" data-id=\"https:\/\/www.chba.ca\" target=\"_blank\" rel=\"noreferrer noopener\">site Web de l&rsquo;ACCH<\/a><\/p>\n","protected":false},"excerpt":{"rendered":"<p>Vous envisagez d&rsquo;acheter une nouvelle maison? Nous avons les informations dont vous avez besoin pour commencer. &gt; Planification et pr\u00e9paration 1- Maison neuve ou existante2- Planifier ce dont vous avez besoin et ce que vous voulez3- Types d\u2019accession \u00e0 la propri\u00e9t\u00e9 et de maisons4- Co\u00fbts et financement5- Votre garantie sur la nouvelle maison6- Le contrat&hellip; <a class=\"more-link\" href=\"https:\/\/monctonhomebuilders.com\/fr\/proprietaires\/construire-de-nouveaux\/\">Poursuivre la lecture <span class=\"screen-reader-text\">Construire une nouvelle maison<\/span><\/a><\/p>\n","protected":false},"author":1,"featured_media":0,"parent":373,"menu_order":1,"comment_status":"closed","ping_status":"closed","template":"","meta":{"footnotes":""},"class_list":["post-375","page","type-page","status-publish","hentry","entry"],"_links":{"self":[{"href":"https:\/\/monctonhomebuilders.com\/fr\/wp-json\/wp\/v2\/pages\/375","targetHints":{"allow":["GET"]}}],"collection":[{"href":"https:\/\/monctonhomebuilders.com\/fr\/wp-json\/wp\/v2\/pages"}],"about":[{"href":"https:\/\/monctonhomebuilders.com\/fr\/wp-json\/wp\/v2\/types\/page"}],"author":[{"embeddable":true,"href":"https:\/\/monctonhomebuilders.com\/fr\/wp-json\/wp\/v2\/users\/1"}],"replies":[{"embeddable":true,"href":"https:\/\/monctonhomebuilders.com\/fr\/wp-json\/wp\/v2\/comments?post=375"}],"version-history":[{"count":6,"href":"https:\/\/monctonhomebuilders.com\/fr\/wp-json\/wp\/v2\/pages\/375\/revisions"}],"predecessor-version":[{"id":1508,"href":"https:\/\/monctonhomebuilders.com\/fr\/wp-json\/wp\/v2\/pages\/375\/revisions\/1508"}],"up":[{"embeddable":true,"href":"https:\/\/monctonhomebuilders.com\/fr\/wp-json\/wp\/v2\/pages\/373"}],"wp:attachment":[{"href":"https:\/\/monctonhomebuilders.com\/fr\/wp-json\/wp\/v2\/media?parent=375"}],"curies":[{"name":"wp","href":"https:\/\/api.w.org\/{rel}","templated":true}]}}