{"id":376,"date":"2023-12-20T18:40:00","date_gmt":"2023-12-20T18:40:00","guid":{"rendered":"https:\/\/www.monctonhomebuilders.comproprietaires\/renovating\/"},"modified":"2024-04-05T17:04:06","modified_gmt":"2024-04-05T17:04:06","slug":"renover","status":"publish","type":"page","link":"https:\/\/monctonhomebuilders.com\/fr\/proprietaires\/renover\/","title":{"rendered":"R\u00e9nover"},"content":{"rendered":"\n<div class=\"wp-block-themepunch-revslider revslider\" data-modal=\"false\" data-slidertitle=\"Renovation\" style=\"\">\n\t\t\t\t<p class=\"rs-p-wp-fix\"><\/p>\n\t\t\t\t<sr7-module data-alias=\"new-home-construction-1\" data-id=\"20\" id=\"SR7_20_1\" class=\"rs-ov-hidden\" data-version=\"6.7.51\">\n\t\t\t\t\t<sr7-adjuster><\/sr7-adjuster>\n\t\t\t\t\t<sr7-content>\n\t\t\t\t\t\t<sr7-slide id=\"SR7_20_1-26STR1\" data-key=\"26STR1\">\n\t\t\t\t\t\t\t<sr7-txt id=\"SR7_20_1-26STR1-1\" class=\"sr7-layer\">R\u00e9nover<\/sr7-txt>\n\t\t\t\t\t\t<\/sr7-slide>\n\t\t\t\t\t\t<sr7-slide id=\"SR7_20_1-57\" data-key=\"57\">\n\t\t\t\t\t\t<\/sr7-slide>\n\t\t\t\t\t<\/sr7-content>\n\t\t\t\t\t<image_lists style=\"display:none\">\n\t\t\t\t\t\t<img data-src=\"\/\/monctonhomebuilders.com\/wp-content\/uploads\/2024\/04\/Get-it-in-Writing-1.jpg\" data-libid=\"1370\" data-lib=\"medialibrary\" title=\"Get-it-in-Writing-1\" width=\"0\" height=\"0\" data-dbsrc=\"Ly9tb25jdG9uaG9tZWJ1aWxkZXJzLmNvbS93cC1jb250ZW50L3VwbG9hZHMvMjAyNC8wNC9HZXQtaXQtaW4tV3JpdGluZy0xLmpwZw==\"\/>\n\t\t\t\t\t\t<img data-src=\"\/\/monctonhomebuilders.com\/wp-content\/uploads\/2024\/04\/Home-Renovations-scaled.jpg\" data-libid=\"1459\" data-lib=\"medialibrary\" title=\"xr:d:DAGAs-f2Alg:73,j:2532572813967144946,t:24040514\" width=\"0\" height=\"0\" data-dbsrc=\"Ly9tb25jdG9uaG9tZWJ1aWxkZXJzLmNvbS93cC1jb250ZW50L3VwbG9hZHMvMjAyNC8wNC9Ib21lLVJlbm92YXRpb25zLXNjYWxlZC5qcGc=\"\/>\n\t\t\t\t\t<\/image_lists>\n\t\t\t\t<\/sr7-module>\n\t\t\t\t<script>\n\t\t\t\t\twindow.SR7 ??={};SR7.PMH ??={}; SR7.PMH[\"SR7_20_1\"] = {cn:100,state:false,fn: function() { if (window._tpt!==undefined && window._tpt.prepareModuleHeight !== undefined) {  _tpt.prepareModuleHeight({id:\"SR7_20_1\",el:[400,400,300,250,250],type:'standard',shdw:'0',gh:[400,400,300,250,250],gw:[1240,1240,1024,778,480],vpt:['100px&#039;,&#039;100px&#039;,&#039;100px&#039;,&#039;100px&#039;,&#039;100px'],size:{fullWidth:true, fullHeight:false},mh:'0',onh:0,onw:0,bg:{color:'{\"type\":\"solid\",\"orig\":\"#107741\",\"string\":\"rgba(16, 119, 65, 1)\"}'}});   SR7.PMH[\"SR7_20_1\"].state=true;} else if(SR7.PMH[\"SR7_20_1\"].cn-->0)\tsetTimeout( SR7.PMH[\"SR7_20_1\"].fn,19);}};SR7.PMH[\"SR7_20_1\" ].fn();\n\t\t\t\t<\/script>\n<\/div>\n\n\n\n<h2 class=\"wp-block-heading\"><strong>R\u00c9NOVER VOTRE MAISON<\/strong><\/h2>\n\n\n\n<p>La r\u00e9novation de votre maison est un processus passionnant. Celles-ci vous aideront \u00e0 faire les bons choix et \u00e0 \u00e9laborer une carte claire pour atteindre vos objectifs de r\u00e9novation. Si vous souhaitez concr\u00e9tiser vos r\u00eaves de r\u00e9novation, vous trouverez ici des informations, des id\u00e9es, de l\u2019inspiration, des conseils, des outils et, surtout, l\u2019acc\u00e8s \u00e0 des r\u00e9novateurs professionnels pour bien faire votre travail.S&rsquo;informer est la premi\u00e8re \u00e9tape pour bien faire les choses. Avoir un plan et comprendre le processus de passation de contrats sont des \u00e9l\u00e9ments cl\u00e9s pour trouver le bon entrepreneur et obtenir les r\u00e9sultats escompt\u00e9s. Chaque section fournit les informations de base dont vous avez besoin &#8211; \u00e9tape par \u00e9tape.<\/p>\n\n\n\n<h3 class=\"wp-block-heading\"><strong>&gt; \u00catre inform\u00e9<\/strong><\/h3>\n\n\n\n<p>1. <a href=\"http:\/\/www.chba.ca\/CHBA\/Renovating\/Planning_Design_Budget.aspx\" target=\"_blank\" rel=\"noreferrer noopener\"><strong>Planification, conception et budget<\/strong><\/a><br>2. <a href=\"http:\/\/www.chba.ca\/CHBA\/Renovating\/DIY_or_Hire_a_Pro.aspx\" target=\"_blank\" rel=\"noreferrer noopener\"><strong>Bricolage ou embaucher un pro<\/strong><\/a><br>3. <a href=\"http:\/\/www.chba.ca\/CHBA\/Renovating\/Contracts.aspx\" target=\"_blank\" rel=\"noreferrer noopener\"><strong>Contrats<\/strong><\/a><br>4. <a href=\"http:\/\/www.chba.ca\/CHBA\/Renovating\/Insurance_and_Workers_Compensation.aspx\" target=\"_blank\" rel=\"noreferrer noopener\"><strong>Indemnisation des accidents du travail<\/strong><\/a><br>5. <a href=\"http:\/\/www.chba.ca\/CHBA\/Renovating\/Liens_Permits_Warranties.aspx\" target=\"_blank\" rel=\"noreferrer noopener\"><strong>Privil\u00e8ges, permis et garanties<\/strong><\/a><\/p>\n\n\n\n<h3 class=\"wp-block-heading\">&gt; <strong>Embaucher un entrepreneur<\/strong><\/h3>\n\n\n\n<p>1- <a href=\"http:\/\/www.chba.ca\/CHBA\/Renovating\/What_Type_of_Contractor_Do_You_Need.aspx\" target=\"_blank\" rel=\"noreferrer noopener\"><strong>De quel type avez-vous besoin<\/strong><\/a><br>2- <a href=\"http:\/\/www.chba.ca\/CHBA\/Renovating\/Contractors_to_Avoid.aspx\" target=\"_blank\" rel=\"noreferrer noopener\"><strong>Contractants \u00e0 \u00e9viter<\/strong><\/a><br>3- <a href=\"http:\/\/www.chba.ca\/CHBA\/Renovating\/Interviewing_a_Contractor.aspx\" target=\"_blank\" rel=\"noreferrer noopener\"><strong>V\u00e9rifier les sous-traitants<\/strong><\/a><br>4- <a href=\"http:\/\/www.chba.ca\/CHBA\/Renovating\/Getting_a_Quote.aspx%20\" target=\"_blank\" rel=\"noreferrer noopener\"><strong>Obtenir un devis<\/strong><\/a><br>5- <a href=\"http:\/\/www.chba.ca\/CHBA\/Renovating\/Deciding_Who_to_Hire.aspx\" target=\"_blank\" rel=\"noreferrer noopener\"><strong>D\u00e9cider qui embaucher<\/strong><\/a><br>6- <a href=\"http:\/\/www.chba.ca\/CHBA\/Renovating\/Finalizing_Your_Contract.aspx\" target=\"_blank\" rel=\"noreferrer noopener\"><strong>Trouver un professionnel<\/strong><\/a><\/p>\n\n\n\n<h3 class=\"wp-block-heading\"><strong>&gt; Commencez votre projet<\/strong><\/h3>\n\n\n\n<p>1- <a href=\"http:\/\/www.chba.ca\/CHBA\/Renovating\/Finalizing_Your_Contract.aspx\" target=\"_blank\" rel=\"noreferrer noopener\"><strong>Finaliser un contrat<\/strong><\/a><br>2- <a href=\"http:\/\/www.chba.ca\/CHBA\/Renovating\/How_Things_Work_During_a_Project.aspx\" target=\"_blank\" rel=\"noreferrer noopener\"><strong>Comment fonctionne un projet<\/strong><\/a><br>3- <a href=\"http:\/\/www.chba.ca\/CHBA\/Renovating\/Making_Changes_Once_the_Work_Starts.aspx\" target=\"_blank\" rel=\"noreferrer noopener\"><strong>Apporter des modifications<\/strong><\/a><br>4- <a href=\"http:\/\/www.chba.ca\/CHBA\/Renovating\/Warranty_Coverage_and_Follow-up_Service.aspx\" target=\"_blank\" rel=\"noreferrer noopener\"><strong>Garantie et suivi<\/strong><\/a><\/p>\n\n\n\n<p>Source: <a href=\"https:\/\/www.chba.ca\" data-type=\"link\" data-id=\"https:\/\/www.chba.ca\" target=\"_blank\" rel=\"noreferrer noopener\">site Web de l&rsquo;ACCH<\/a><\/p>\n","protected":false},"excerpt":{"rendered":"<p>R\u00c9NOVER VOTRE MAISON La r\u00e9novation de votre maison est un processus passionnant. Celles-ci vous aideront \u00e0 faire les bons choix et \u00e0 \u00e9laborer une carte claire pour atteindre vos objectifs de r\u00e9novation. Si vous souhaitez concr\u00e9tiser vos r\u00eaves de r\u00e9novation, vous trouverez ici des informations, des id\u00e9es, de l\u2019inspiration, des conseils, des outils et, surtout,&hellip; <a class=\"more-link\" href=\"https:\/\/monctonhomebuilders.com\/fr\/proprietaires\/renover\/\">Poursuivre la lecture <span class=\"screen-reader-text\">R\u00e9nover<\/span><\/a><\/p>\n","protected":false},"author":1,"featured_media":0,"parent":373,"menu_order":2,"comment_status":"closed","ping_status":"closed","template":"","meta":{"footnotes":""},"class_list":["post-376","page","type-page","status-publish","hentry","entry"],"_links":{"self":[{"href":"https:\/\/monctonhomebuilders.com\/fr\/wp-json\/wp\/v2\/pages\/376","targetHints":{"allow":["GET"]}}],"collection":[{"href":"https:\/\/monctonhomebuilders.com\/fr\/wp-json\/wp\/v2\/pages"}],"about":[{"href":"https:\/\/monctonhomebuilders.com\/fr\/wp-json\/wp\/v2\/types\/page"}],"author":[{"embeddable":true,"href":"https:\/\/monctonhomebuilders.com\/fr\/wp-json\/wp\/v2\/users\/1"}],"replies":[{"embeddable":true,"href":"https:\/\/monctonhomebuilders.com\/fr\/wp-json\/wp\/v2\/comments?post=376"}],"version-history":[{"count":6,"href":"https:\/\/monctonhomebuilders.com\/fr\/wp-json\/wp\/v2\/pages\/376\/revisions"}],"predecessor-version":[{"id":1509,"href":"https:\/\/monctonhomebuilders.com\/fr\/wp-json\/wp\/v2\/pages\/376\/revisions\/1509"}],"up":[{"embeddable":true,"href":"https:\/\/monctonhomebuilders.com\/fr\/wp-json\/wp\/v2\/pages\/373"}],"wp:attachment":[{"href":"https:\/\/monctonhomebuilders.com\/fr\/wp-json\/wp\/v2\/media?parent=376"}],"curies":[{"name":"wp","href":"https:\/\/api.w.org\/{rel}","templated":true}]}}