{"id":386,"date":"2024-01-02T22:07:56","date_gmt":"2024-01-02T22:07:56","guid":{"rendered":"https:\/\/www.monctonhomebuilders.comproprietaires\/a-propos-de-notre-industrie\/"},"modified":"2024-04-05T17:05:31","modified_gmt":"2024-04-05T17:05:31","slug":"a-propos-de-notre-industrie","status":"publish","type":"page","link":"https:\/\/monctonhomebuilders.com\/fr\/proprietaires\/a-propos-de-notre-industrie\/","title":{"rendered":"\u00c0 propos de notre industrie"},"content":{"rendered":"\n<div class=\"wp-block-themepunch-revslider revslider\" data-modal=\"false\" data-slidertitle=\"About Industry\" style=\"\">\n\t\t\t\t<p class=\"rs-p-wp-fix\"><\/p>\n\t\t\t\t<sr7-module data-alias=\"why-hire-a-gmhba-member-1\" data-id=\"24\" id=\"SR7_24_1\" class=\"rs-ov-hidden\" data-version=\"6.7.51\">\n\t\t\t\t\t<sr7-adjuster><\/sr7-adjuster>\n\t\t\t\t\t<sr7-content>\n\t\t\t\t\t\t<sr7-slide id=\"SR7_24_1-34STR1\" data-key=\"34STR1\">\n\t\t\t\t\t\t\t<sr7-txt id=\"SR7_24_1-34STR1-1\" class=\"sr7-layer\">\u00c0 propos de notre industrie<\/sr7-txt>\n\t\t\t\t\t\t<\/sr7-slide>\n\t\t\t\t\t\t<sr7-slide id=\"SR7_24_1-61\" data-key=\"61\">\n\t\t\t\t\t\t<\/sr7-slide>\n\t\t\t\t\t<\/sr7-content>\n\t\t\t\t\t<image_lists style=\"display:none\">\n\t\t\t\t\t\t<img data-src=\"\/\/monctonhomebuilders.com\/wp-content\/uploads\/2024\/04\/Get-it-in-Writing-1.jpg\" data-libid=\"1370\" data-lib=\"medialibrary\" title=\"Get-it-in-Writing-1\" width=\"0\" height=\"0\" data-dbsrc=\"Ly9tb25jdG9uaG9tZWJ1aWxkZXJzLmNvbS93cC1jb250ZW50L3VwbG9hZHMvMjAyNC8wNC9HZXQtaXQtaW4tV3JpdGluZy0xLmpwZw==\"\/>\n\t\t\t\t\t\t<img data-src=\"\/\/monctonhomebuilders.com\/wp-content\/uploads\/2024\/04\/about-industry-scaled.jpg\" data-libid=\"1494\" data-lib=\"medialibrary\" title=\"xr:d:DAGAs-f2Alg:89,j:1954986168281475522,t:24040515\" width=\"0\" height=\"0\" data-dbsrc=\"Ly9tb25jdG9uaG9tZWJ1aWxkZXJzLmNvbS93cC1jb250ZW50L3VwbG9hZHMvMjAyNC8wNC9hYm91dC1pbmR1c3RyeS1zY2FsZWQuanBn\"\/>\n\t\t\t\t\t<\/image_lists>\n\t\t\t\t<\/sr7-module>\n\t\t\t\t<script>\n\t\t\t\t\twindow.SR7 ??={};SR7.PMH ??={}; SR7.PMH[\"SR7_24_1\"] = {cn:100,state:false,fn: function() { if (window._tpt!==undefined && window._tpt.prepareModuleHeight !== undefined) {  _tpt.prepareModuleHeight({id:\"SR7_24_1\",el:[400,400,300,250,250],type:'standard',shdw:'0',gh:[400,400,300,250,250],gw:[1240,1240,1024,778,480],vpt:['100px&#039;,&#039;100px&#039;,&#039;100px&#039;,&#039;100px&#039;,&#039;100px'],size:{fullWidth:true, fullHeight:false},mh:'0',onh:0,onw:0,bg:{color:'{\"type\":\"solid\",\"orig\":\"#107741\",\"string\":\"rgba(16, 119, 65, 1)\"}'}});   SR7.PMH[\"SR7_24_1\"].state=true;} else if(SR7.PMH[\"SR7_24_1\"].cn-->0)\tsetTimeout( SR7.PMH[\"SR7_24_1\"].fn,19);}};SR7.PMH[\"SR7_24_1\" ].fn();\n\t\t\t\t<\/script>\n<\/div>\n\n\n\n<p>L&rsquo;Association des constructeurs d&rsquo;habitation du Grand Moncton repr\u00e9sente plus de 80 entreprises du secteur de la construction r\u00e9sidentielle du Grand Moncton et de la r\u00e9gion. Notre industrie joue un r\u00f4le essentiel dans l\u2019\u00e9dification et le fa\u00e7onnement de notre ville et joue un r\u00f4le fondamental dans la prosp\u00e9rit\u00e9 de nos municipalit\u00e9s. En cr\u00e9ant les nouveaux quartiers et en construisant les nouveaux logements qui abritent nos citoyens et en d\u00e9finissant la croissance de notre ville, nous contribuons de mani\u00e8re consid\u00e9rable \u00e0 l\u2019\u00e9conomie et sommes le plus grand cr\u00e9ateur de richesse pour les citoyens du Grand Moncton.<\/p>\n\n\n\n<p>Les nouveaux quartiers et la croissance de notre ville sont toujours all\u00e9s de pair. Les maisons et les quartiers qui \u00e9taient autrefois nouveaux sont devenus, au fil du temps, le c\u0153ur de notre ville et de nos vies. Ce qui \u00e9tait nouveau devient familier, \u00e9tabli \u2013 il devient\u2026 la maison. Ce que notre industrie fait nous touche tous.<\/p>\n","protected":false},"excerpt":{"rendered":"<p>L&rsquo;Association des constructeurs d&rsquo;habitation du Grand Moncton repr\u00e9sente plus de 80 entreprises du secteur de la construction r\u00e9sidentielle du Grand Moncton et de la r\u00e9gion. Notre industrie joue un r\u00f4le essentiel dans l\u2019\u00e9dification et le fa\u00e7onnement de notre ville et joue un r\u00f4le fondamental dans la prosp\u00e9rit\u00e9 de nos municipalit\u00e9s. En cr\u00e9ant les nouveaux quartiers&hellip; <a class=\"more-link\" href=\"https:\/\/monctonhomebuilders.com\/fr\/proprietaires\/a-propos-de-notre-industrie\/\">Poursuivre la lecture <span class=\"screen-reader-text\">\u00c0 propos de notre industrie<\/span><\/a><\/p>\n","protected":false},"author":1,"featured_media":0,"parent":373,"menu_order":5,"comment_status":"closed","ping_status":"closed","template":"","meta":{"footnotes":""},"class_list":["post-386","page","type-page","status-publish","hentry","entry"],"_links":{"self":[{"href":"https:\/\/monctonhomebuilders.com\/fr\/wp-json\/wp\/v2\/pages\/386","targetHints":{"allow":["GET"]}}],"collection":[{"href":"https:\/\/monctonhomebuilders.com\/fr\/wp-json\/wp\/v2\/pages"}],"about":[{"href":"https:\/\/monctonhomebuilders.com\/fr\/wp-json\/wp\/v2\/types\/page"}],"author":[{"embeddable":true,"href":"https:\/\/monctonhomebuilders.com\/fr\/wp-json\/wp\/v2\/users\/1"}],"replies":[{"embeddable":true,"href":"https:\/\/monctonhomebuilders.com\/fr\/wp-json\/wp\/v2\/comments?post=386"}],"version-history":[{"count":5,"href":"https:\/\/monctonhomebuilders.com\/fr\/wp-json\/wp\/v2\/pages\/386\/revisions"}],"predecessor-version":[{"id":1512,"href":"https:\/\/monctonhomebuilders.com\/fr\/wp-json\/wp\/v2\/pages\/386\/revisions\/1512"}],"up":[{"embeddable":true,"href":"https:\/\/monctonhomebuilders.com\/fr\/wp-json\/wp\/v2\/pages\/373"}],"wp:attachment":[{"href":"https:\/\/monctonhomebuilders.com\/fr\/wp-json\/wp\/v2\/media?parent=386"}],"curies":[{"name":"wp","href":"https:\/\/api.w.org\/{rel}","templated":true}]}}