{"id":51,"date":"2023-12-20T18:00:00","date_gmt":"2023-12-20T18:00:00","guid":{"rendered":"https:\/\/www.monctonhomebuilders.comaccueil\/"},"modified":"2024-04-19T13:47:22","modified_gmt":"2024-04-19T13:47:22","slug":"accueil","status":"publish","type":"page","link":"https:\/\/monctonhomebuilders.com\/fr\/","title":{"rendered":"Accueil"},"content":{"rendered":"\n<div class=\"wp-block-columns is-layout-flex wp-container-core-columns-is-layout-9d6595d7 wp-block-columns-is-layout-flex\">\n<div class=\"wp-block-column is-layout-flow wp-block-column-is-layout-flow\">\n<figure class=\"wp-block-image size-full\"><img loading=\"lazy\" decoding=\"async\" width=\"300\" height=\"290\" src=\"https:\/\/monctonhomebuilders.com\/wp-content\/uploads\/2024\/03\/MHB-Find_a_Pro_fr@2x-min.png\" alt=\"Tourer un Professionnel\" class=\"wp-image-1207\"\/><\/figure>\n<\/div>\n\n\n\n<div class=\"wp-block-column is-layout-flow wp-block-column-is-layout-flow\">\n<figure class=\"wp-block-image size-full\"><img loading=\"lazy\" decoding=\"async\" width=\"300\" height=\"290\" src=\"https:\/\/monctonhomebuilders.com\/wp-content\/uploads\/2024\/03\/MHB-NewHome_fr@2x-min.png\" alt=\"Construire une nouvelle maison\" class=\"wp-image-1211\"\/><\/figure>\n<\/div>\n\n\n\n<div class=\"wp-block-column is-layout-flow wp-block-column-is-layout-flow\">\n<figure class=\"wp-block-image size-full\"><img loading=\"lazy\" decoding=\"async\" width=\"300\" height=\"288\" src=\"https:\/\/monctonhomebuilders.com\/wp-content\/uploads\/2024\/03\/MHB-Reno_fe@2x-min.png\" alt=\"R\u00e9nover\" class=\"wp-image-1215\"\/><\/figure>\n<\/div>\n<\/div>\n\n\n\n<div class=\"wp-block-group alignfull has-yellow-background-color has-background is-vertical is-content-justification-center is-nowrap is-layout-flex wp-container-core-group-is-layout-2ff79d46 wp-block-group-is-layout-flex\" style=\"padding-top:var(--wp--preset--spacing--60);padding-right:6rem;padding-bottom:var(--wp--preset--spacing--60);padding-left:6rem\">\n<p class=\"has-text-align-center has-text-color has-link-color has-large-font-size wp-elements-8f13f1b11483cfd9c975ccb431f642a2\" style=\"color:#3c705e;padding-right:6rem;padding-left:6rem\">Greater Moncton\u2019s residential construction professionals are building an environment for affordability, quality and choice in housing.<\/p>\n<\/div>\n\n\n\n<div class=\"wp-block-group alignfull has-green-background-color has-background is-content-justification-space-between is-nowrap is-layout-flex wp-container-core-group-is-layout-0dfbf163 wp-block-group-is-layout-flex\">\n<p><\/p>\n\n\n\n<figure class=\"wp-block-image size-full is-resized\"><a href=\"https:\/\/www.chba.ca\/get-it-in-writing-toolkit\/#:~:text=In%20short%2C%20Get%20it%20in,the%20Get%20it%20in%20Writing!\"><img loading=\"lazy\" decoding=\"async\" width=\"600\" height=\"600\" src=\"https:\/\/monctonhomebuilders.com\/wp-content\/uploads\/2024\/02\/GetitinWritingLogo_colour-web.png\" alt=\"\" class=\"wp-image-975\" style=\"width:120px\" srcset=\"https:\/\/monctonhomebuilders.com\/wp-content\/uploads\/2024\/02\/GetitinWritingLogo_colour-web.png 600w, https:\/\/monctonhomebuilders.com\/wp-content\/uploads\/2024\/02\/GetitinWritingLogo_colour-web-300x300.png 300w, https:\/\/monctonhomebuilders.com\/wp-content\/uploads\/2024\/02\/GetitinWritingLogo_colour-web-150x150.png 150w\" sizes=\"auto, (max-width: 600px) 100vw, 600px\" \/><\/a><\/figure>\n\n\n\n<figure class=\"wp-block-image size-full\"><img loading=\"lazy\" decoding=\"async\" width=\"281\" height=\"86\" src=\"https:\/\/monctonhomebuilders.com\/wp-content\/uploads\/2024\/01\/gmhba-logo-min.png\" alt=\"Greater Moncton Home Builders\u2019 Association\" class=\"wp-image-58\"\/><\/figure>\n\n\n\n<figure class=\"wp-block-image size-full is-resized\"><a href=\"https:\/\/renomark.ca\/\"><img loading=\"lazy\" decoding=\"async\" width=\"1213\" height=\"1042\" src=\"https:\/\/monctonhomebuilders.com\/wp-content\/uploads\/2024\/02\/RenoMark-Logo-Standard-web.png\" alt=\"\" class=\"wp-image-977\" style=\"width:110px\" srcset=\"https:\/\/monctonhomebuilders.com\/wp-content\/uploads\/2024\/02\/RenoMark-Logo-Standard-web.png 1213w, https:\/\/monctonhomebuilders.com\/wp-content\/uploads\/2024\/02\/RenoMark-Logo-Standard-web-300x258.png 300w, https:\/\/monctonhomebuilders.com\/wp-content\/uploads\/2024\/02\/RenoMark-Logo-Standard-web-1024x880.png 1024w, https:\/\/monctonhomebuilders.com\/wp-content\/uploads\/2024\/02\/RenoMark-Logo-Standard-web-768x660.png 768w\" sizes=\"auto, (max-width: 1213px) 100vw, 1213px\" \/><\/a><\/figure>\n\n\n\n<p><\/p>\n<\/div>\n\n\n\n<div class=\"wp-block-cover alignfull has-parallax has-white-color has-text-color has-link-color has-large-font-size wp-elements-fc1db0a399b43590a4153251f950235f\" style=\"padding-top:0;padding-bottom:0;min-height:250px;aspect-ratio:unset;\"><span aria-hidden=\"true\" class=\"wp-block-cover__background has-white-background-color has-background-dim-0 has-background-dim\"><\/span><div role=\"img\" aria-label=\"CHBA Initiatives\" class=\"wp-block-cover__image-background wp-image-1422 has-parallax\" style=\"background-position:50% 50%;background-image:url(https:\/\/monctonhomebuilders.com\/wp-content\/uploads\/2024\/04\/Initiatives_bg-min.jpg)\"><\/div><div class=\"wp-block-cover__inner-container is-layout-constrained wp-block-cover-is-layout-constrained\">\n<p class=\"has-text-align-center has-white-color has-text-color has-link-color wp-elements-c93a2765214beb664dbabba55b21a7da\" style=\"padding-top:0;padding-bottom:0\"><strong>Take a look at the CHBA Initiatives across Canada.<\/strong><\/p>\n\n\n\n<div class=\"wp-block-buttons is-content-justification-center is-layout-flex wp-container-core-buttons-is-layout-16018d1d wp-block-buttons-is-layout-flex\">\n<div class=\"wp-block-button has-custom-font-size is-style-fill has-large-font-size\"><a class=\"wp-block-button__link has-black-color has-text-color has-background has-link-color has-text-align-center wp-element-button\" href=\"https:\/\/chba.ca\/chba-initiatives\/\" style=\"border-radius:10px;background:linear-gradient(135deg,rgb(250,202,120) 0%,rgb(200,157,70) 100%);padding-top:var(--wp--preset--spacing--30);padding-bottom:var(--wp--preset--spacing--30)\" target=\"_blank\" rel=\"noreferrer noopener\">CHBA INITIATIVES<\/a><\/div>\n<\/div>\n<\/div><\/div>\n\n\n\n<div class=\"wp-block-group alignfull has-yellow-background-color has-background is-content-justification-center is-nowrap is-layout-flex wp-container-core-group-is-layout-94bc23d7 wp-block-group-is-layout-flex\">\n<div class=\"wp-block-group\" style=\"margin-top:var(--wp--preset--spacing--30);margin-bottom:var(--wp--preset--spacing--30);padding-top:var(--wp--preset--spacing--40);padding-bottom:var(--wp--preset--spacing--40)\"><div class=\"wp-block-group__inner-container is-layout-constrained wp-block-group-is-layout-constrained\">\n<div class=\"wp-block-columns is-layout-flex wp-container-core-columns-is-layout-62db62f3 wp-block-columns-is-layout-flex\" style=\"padding-top:0;padding-bottom:0\">\n<div class=\"wp-block-column FindMemberBox is-layout-flow wp-block-column-is-layout-flow\" style=\"padding-bottom:var(--wp--preset--spacing--30)\">\n<div class=\"wp-block-cover is-light roundedtop\" style=\"min-height:230px;aspect-ratio:unset;\"><span aria-hidden=\"true\" class=\"wp-block-cover__background has-background-dim-0 has-background-dim\" style=\"background-color:#beb4b7\"><\/span><img loading=\"lazy\" decoding=\"async\" width=\"1000\" height=\"667\" class=\"wp-block-cover__image-background wp-image-1875\" alt=\"\" src=\"https:\/\/monctonhomebuilders.com\/wp-content\/uploads\/2024\/04\/Directory_members_v01-fr-min.jpg\" data-object-fit=\"cover\" srcset=\"https:\/\/monctonhomebuilders.com\/wp-content\/uploads\/2024\/04\/Directory_members_v01-fr-min.jpg 1000w, https:\/\/monctonhomebuilders.com\/wp-content\/uploads\/2024\/04\/Directory_members_v01-fr-min-300x200.jpg 300w, https:\/\/monctonhomebuilders.com\/wp-content\/uploads\/2024\/04\/Directory_members_v01-fr-min-768x512.jpg 768w\" sizes=\"auto, (max-width: 1000px) 100vw, 1000px\" \/><div class=\"wp-block-cover__inner-container is-layout-constrained wp-block-cover-is-layout-constrained\">\n<p class=\"has-text-align-center has-large-font-size\"><\/p>\n<\/div><\/div>\n\n\n\n<p class=\"has-text-align-center\" style=\"padding-right:var(--wp--preset--spacing--40);padding-left:var(--wp--preset--spacing--40)\">Le GMHBA est une invitation \u00e0 participer \u00e0 l\u2019industrie du logement en association avec d\u2019autres constructeurs, r\u00e9novateurs et promoteurs de premier plan.<\/p>\n\n\n\n<div class=\"wp-block-buttons is-content-justification-center is-layout-flex wp-container-core-buttons-is-layout-16018d1d wp-block-buttons-is-layout-flex\">\n<div class=\"wp-block-button\"><a class=\"wp-block-button__link has-background wp-element-button\" href=\"https:\/\/monctonhomebuilders.com\/fr\/devenir-membre\/members\/\" style=\"border-radius:10px;background-color:#c0b694\">ANNUAIRE DES MEMBRES<\/a><\/div>\n<\/div>\n<\/div>\n\n\n\n<div class=\"wp-block-column BecomeMemberBox is-layout-flow wp-block-column-is-layout-flow\" style=\"padding-bottom:var(--wp--preset--spacing--30)\">\n<div class=\"wp-block-cover is-light roundedtop\" style=\"min-height:230px;aspect-ratio:unset;\"><span aria-hidden=\"true\" class=\"wp-block-cover__background has-background-dim-0 has-background-dim\"><\/span><img loading=\"lazy\" decoding=\"async\" width=\"1000\" height=\"667\" class=\"wp-block-cover__image-background wp-image-1879\" alt=\"Join GMHBA\" src=\"https:\/\/monctonhomebuilders.com\/wp-content\/uploads\/2024\/04\/Join-GMHBA_v01-fr-min.jpg\" data-object-fit=\"cover\" srcset=\"https:\/\/monctonhomebuilders.com\/wp-content\/uploads\/2024\/04\/Join-GMHBA_v01-fr-min.jpg 1000w, https:\/\/monctonhomebuilders.com\/wp-content\/uploads\/2024\/04\/Join-GMHBA_v01-fr-min-300x200.jpg 300w, https:\/\/monctonhomebuilders.com\/wp-content\/uploads\/2024\/04\/Join-GMHBA_v01-fr-min-768x512.jpg 768w\" sizes=\"auto, (max-width: 1000px) 100vw, 1000px\" \/><div class=\"wp-block-cover__inner-container is-layout-constrained wp-block-cover-is-layout-constrained\">\n<p class=\"has-text-align-center has-large-font-size\"><\/p>\n<\/div><\/div>\n\n\n\n<p class=\"has-text-align-center\" style=\"padding-right:var(--wp--preset--spacing--30);padding-left:var(--wp--preset--spacing--30)\">L\u2019adh\u00e9sion \u00e0 l\u2019Association des constructeurs d\u2019habitations du Grand Moncton est une d\u00e9cision d\u2019affaires importante. Communiquez avec nous pour en savoir plus.<\/p>\n\n\n\n<div class=\"wp-block-buttons is-content-justification-center is-layout-flex wp-container-core-buttons-is-layout-16018d1d wp-block-buttons-is-layout-flex\">\n<div class=\"wp-block-button\"><a class=\"wp-block-button__link has-background wp-element-button\" href=\"https:\/\/monctonhomebuilders.com\/fr\/devenir-membre\/formulaire-dadhesion\/#join\" style=\"border-radius:10px;background-color:#c0b694\">JOINDRE GMHBA<\/a><\/div>\n<\/div>\n<\/div>\n\n\n\n<div class=\"wp-block-column FacebookBox is-layout-flow wp-block-column-is-layout-flow\">        <style type=\"text\/css\">\n                .fts-facebook-add-more-posts-notice {\n            display: none !important;\n        }\n        \n        <\/style><div class=\"fts-jal-fb-header\"><h1 ><a href=\"https:\/\/www.facebook.com\/100150846418013\/\" target=\"_blank\" rel=\"noreferrer\">Greater Moncton Home Builders Association Inc.<\/a><\/h1><div class=\"fts-jal-fb-group-header-desc\"><\/div><\/div><div class=\"fts-jal-fb-group-display fts-simple-fb-wrapper feed_dynamic_classcthkagawjv_page\"><div class='fts-fb-photo-post-wrap fts-jal-single-fb-post' ><div  class=\"fts-jal-fb-right-wrap\"><div class=\"fts-jal-fb-top-wrap \"><div class=\"fts-jal-fb-user-thumb\"><a href=\"https:\/\/www.facebook.com\/100150846418013\" target=\"_blank\" rel=\"noreferrer\"><img decoding=\"async\" border=\"0\" alt=\"Greater Moncton Home Builders Association Inc.\" src=\"https:\/\/scontent-ord5-2.xx.fbcdn.net\/v\/t39.30808-1\/344267031_1619614451836014_7715662385088753637_n.jpg?stp=c176.0.147.147a_cp0_dst-jpg_s50x50_tt6&amp;_nc_cat=110&amp;ccb=1-7&amp;_nc_sid=f907e8&amp;_nc_ohc=-h-IWRYI3rwQ7kNvwGteQdG&amp;_nc_oc=AdoNdEQigDHIKjd_9mQVmxrHq1h_CNS6JcT_rrPClaxLRJAr9lkRC-qabUxS1yAyCrs&amp;_nc_zt=24&amp;_nc_ht=scontent-ord5-2.xx&amp;edm=AJdBtusEAAAA&amp;_nc_gid=BRKnyozNO0LKqbERSXcL1g&amp;_nc_tpa=Q5bMBQHaiRD3-VJ8WzyOpXhBuNPKRtZzT93AsCXWhOJsa3cZeEOkDnnPrYjlipio5__lDiqcvHzyYbFbZQ&amp;oh=00_Afzutn4YBjaD_eOi5CALv57kC6W9oQdgGQo2Vo3Q4mB9ow&amp;oe=69CF5396\"\/><\/a><\/div><span class=\"fts-jal-fb-user-name\"><a href=\"https:\/\/www.facebook.com\/100150846418013\" target=\"_blank\" rel=\"noreferrer\">Greater Moncton Home Builders Association Inc.<\/a><\/span><span class=\"fts-jal-fb-post-time\">2 months ago<\/span><div class=\"fts-clear\"><\/div><div class=\"fts-jal-fb-message\">Kyle Lewis, our Vice President, was proud to represent our members at CHBA Day on the Hill. He met with MP Jennifer McKelvie to discuss the housing challenges Canadians are facing and the policy solutions needed moving forward. Together, we\u2019re pushing for practical steps that support housing supply, affordability, and a stronger industry.<br \/>\n<br \/>\n<a href=\"https:\/\/www.facebook.com\/hashtag\/CHBA\" target=\"_blank\" rel=\"noreferrer\">#CHBA<\/a> <a href=\"https:\/\/www.facebook.com\/hashtag\/DayOnTheHill\" target=\"_blank\" rel=\"noreferrer\">#DayOnTheHill<\/a> <a href=\"https:\/\/www.facebook.com\/hashtag\/HousingCanada\" target=\"_blank\" rel=\"noreferrer\">#HousingCanada<\/a> <a href=\"https:\/\/www.facebook.com\/hashtag\/HousingSupply\" target=\"_blank\" rel=\"noreferrer\">#HousingSupply<\/a> <a href=\"https:\/\/www.facebook.com\/hashtag\/Affordability\" target=\"_blank\" rel=\"noreferrer\">#Affordability<\/a> <a href=\"https:\/\/www.facebook.com\/hashtag\/homebuilding\" target=\"_blank\" rel=\"noreferrer\">#homebuilding<\/a><br \/>\n<br \/>\nKyle Lewis, notre vice-pr\u00e9sident, \u00e9tait fier de repr\u00e9senter nos membres lors de la Journ\u00e9e sur la Colline de l\u2019ACCH. Il a rencontr\u00e9 la d\u00e9put\u00e9e Jennifer McKelvie afin de discuter des d\u00e9fis li\u00e9s au logement au Canada et des solutions politiques \u00e0 mettre en place pour l\u2019avenir. Ensemble, nous faisons avancer des mesures concr\u00e8tes pour soutenir l\u2019offre de logements, l\u2019abordabilit\u00e9 et une industrie plus forte.<br \/>\n<br \/>\n<a href=\"https:\/\/www.facebook.com\/hashtag\/ACCH\" target=\"_blank\" rel=\"noreferrer\">#ACCH<\/a> <a href=\"https:\/\/www.facebook.com\/hashtag\/JourneeSurLaColline\" target=\"_blank\" rel=\"noreferrer\">#JourneeSurLaColline<\/a> <a href=\"https:\/\/www.facebook.com\/hashtag\/LogementCanada\" target=\"_blank\" rel=\"noreferrer\">#LogementCanada<\/a> <a href=\"https:\/\/www.facebook.com\/hashtag\/OffreDeLogements\" target=\"_blank\" rel=\"noreferrer\">#OffreDeLogements<\/a> <a href=\"https:\/\/www.facebook.com\/hashtag\/Abordabilite\" target=\"_blank\" rel=\"noreferrer\">#Abordabilite<\/a> <a href=\"https:\/\/www.facebook.com\/hashtag\/ConstructionResidentielle\" target=\"_blank\" rel=\"noreferrer\">#ConstructionResidentielle<\/a><div class=\"fts-clear\"><\/div><\/div><\/div><div class=\"fts-jal-fb-link-wrap fts-album-photos-wrap\"><a href=\"https:\/\/www.facebook.com\/photo.php?fbid=830329920061603&#038;set=a.104532325974703&#038;type=3\" target=\"_blank\" rel=\"noreferrer\" class=\"fts-jal-fb-picture\"><img decoding=\"async\" border=\"0\" alt=\"Greater Moncton Home Builders Association Inc.\" src=\"https:\/\/scontent-ord5-2.xx.fbcdn.net\/v\/t39.30808-6\/631246423_830329926728269_469995471210350466_n.jpg?_nc_cat=105&#038;ccb=1-7&#038;_nc_sid=13d280&#038;_nc_ohc=-Y8B2zk5OEYQ7kNvwEonyqE&#038;_nc_oc=AdohukU8gggsO0-0VgvHty7S7FladXyvouYF2SQvTW4Q2qnEcYBA5nx5pFN7yzvGPrE&#038;_nc_zt=23&#038;_nc_ht=scontent-ord5-2.xx&#038;edm=AKIiGfEEAAAA&#038;_nc_gid=BP73ond26jJZiTXEX77W7Q&#038;_nc_tpa=Q5bMBQHRv627vKYmqzktGZfONnLn4pl6A0jTUknstEDh6uaUiUvS8H17CG8pdCHHllvPw9MpavkB8Etnog&#038;oh=00_Afw1bV8Lnxa6fe7hSfpRGy90Y_63_41GVn4dq1WKea-wmg&#038;oe=69CF2975\"\/><\/a><div class=\"slicker-facebook-album-photoshadow\"><\/div><div class=\"fts-jal-fb-description-wrap fts-photo-caption-text\"><div class=\"fts-clear\"><\/div><\/div><div class=\"fts-clear\"><\/div><\/div><div class=\"fts-clear\"><\/div><\/div><div class=\"fts-likes-shares-etc-wrap\"><div class=\"fts-fb-likes-shares-etc-content\"><a href=\"https:\/\/www.facebook.com\/photo.php?fbid=830329920061603&#038;set=a.104532325974703&#038;type=3\" target=\"_blank\" rel=\"noreferrer\" class=\"fts-jal-fb-see-more\"><span class=\"fts-count-wrap fts-likes-wrap\"><\/span><span class=\"fts-count-wrap fts-comments-wrap\"><\/span><span class=\"fts-count-wrap fts-shares-wrap\"><\/span><\/a><div class=\"fts-shares-view-on-fb-wrap\"><a href=\"https:\/\/www.facebook.com\/photo.php?fbid=830329920061603&#038;set=a.104532325974703&#038;type=3\" target=\"_blank\" rel=\"noreferrer\" class=\"fts-view-on-facebook-url fts-jal-fb-see-more\"><span class=\"fts-view-on-facebook\">View on Facebook<\/span><\/a><div class=\"fts-share-wrap\"><a href=\"javascript:;\" class=\"ft-gallery-link-popup\" title=\"Social Share Options\"><\/a><div class=\"ft-gallery-share-wrap\"><a href=\"https:\/\/www.facebook.com\/sharer\/sharer.php?u=https:\/\/www.facebook.com\/photo.php?fbid=830329920061603&amp;set=a.104532325974703&amp;type=3\" target=\"_blank\" rel=\"noreferrer\" class=\"ft-galleryfacebook-icon\" title=\"Share this post on Facebook\"><i class=\"fa fa-facebook-square\"><\/i><\/a><a href=\"https:\/\/twitter.com\/intent\/tweet?text=https:\/\/www.facebook.com\/photo.php?fbid=830329920061603&amp;set=a.104532325974703&amp;type=3+1\" target=\"_blank\" rel=\"noreferrer\" class=\"ft-gallerytwitter-icon\" title=\"Share this post on Twitter\"><i class=\"fa fa-twitter\"><\/i><\/a><a href=\"https:\/\/www.linkedin.com\/shareArticle?mini=true&amp;url=https:\/\/www.facebook.com\/photo.php?fbid=830329920061603&amp;set=a.104532325974703&amp;type=3\" target=\"_blank\" rel=\"noreferrer\" class=\"ft-gallerylinkedin-icon\" title=\"Share this post on Linkedin\"><i class=\"fa fa-linkedin\"><\/i><\/a><a href=\"mailto:?subject=Shared Link&amp;body=https:\/\/www.facebook.com\/photo.php?fbid=830329920061603&amp;set=a.104532325974703&amp;type=3 - 1\" target=\"_blank\" rel=\"noreferrer\" class=\"ft-galleryemail-icon\" title=\"Share this post in your email\"><i class=\"fa fa-envelope\"><\/i><\/a><\/div><\/div><\/div><\/div><\/div><div class=\"fts-clear\"><\/div><\/div><\/div><div class=\"fts-clear\"><\/div><div id=\"fb-root\"><\/div>\n<\/div>\n<\/div>\n<\/div><\/div>\n<\/div>\n\n\n\n<div class=\"wp-block-group alignfull is-style-default is-content-justification-center is-nowrap is-layout-flex wp-container-core-group-is-layout-94bc23d7 wp-block-group-is-layout-flex\">\n<div class=\"wp-block-query alignwide is-layout-flow wp-block-query-is-layout-flow\"><ul class=\"columns-3 wp-block-post-template has-small-font-size is-layout-grid wp-container-core-post-template-is-layout-2fc57c17 wp-block-post-template-is-layout-grid\"><li class=\"wp-block-post post-2288 post type-post status-publish format-standard hentry category-non-classifiee entry\">\n\n<div class=\"wp-block-group is-style-default has-extra-small-font-size\" style=\"padding-top:30px;padding-right:10px;padding-bottom:30px;padding-left:10px\"><div class=\"wp-block-group__inner-container is-layout-constrained wp-container-core-group-is-layout-66640cd5 wp-block-group-is-layout-constrained\">\n\n<h2 style=\"text-transform:uppercase;\" class=\"wp-block-post-title has-small-font-size\"><a href=\"https:\/\/monctonhomebuilders.com\/fr\/vous-songez-a-acheter-une-nouvelle-maison\/\" target=\"_self\" >Vous songez \u00e0 acheter une nouvelle maison?<\/a><\/h2>\n\n<div class=\"wp-block-post-date\"><time datetime=\"2025-08-28T18:29:23+00:00\">28 ao\u00fbt 2025<\/time><\/div>\n\n<div style=\"padding-top:0;padding-bottom:0;\" class=\"wp-block-post-excerpt has-extra-small-font-size\"><p class=\"wp-block-post-excerpt__excerpt\">Nous avons l\u2019information dont vous avez besoin pour bien commencer. Acheter une maison est une d\u00e9cision majeure qui demande une r\u00e9flexion attentive. Avant d\u2019aller de l\u2019avant, il est important de franchir certaines \u00e9tapes pour d\u00e9terminer le type de maison qui\u2026<\/p><p class=\"wp-block-post-excerpt__more-text\"><a class=\"wp-block-post-excerpt__more-link\" href=\"https:\/\/monctonhomebuilders.com\/fr\/vous-songez-a-acheter-une-nouvelle-maison\/\"><strong>EN SAVOIR PLUS&#8230;<\/strong><\/a><\/p><\/div><\/div><\/div>\n\n<\/li><li class=\"wp-block-post post-572 post type-post status-publish format-standard has-post-thumbnail hentry category-non-classifiee entry\">\n\n<div class=\"wp-block-group is-style-default has-extra-small-font-size\" style=\"padding-top:30px;padding-right:10px;padding-bottom:30px;padding-left:10px\"><div class=\"wp-block-group__inner-container is-layout-constrained wp-container-core-group-is-layout-66640cd5 wp-block-group-is-layout-constrained\"><figure style=\"aspect-ratio:3\/2;\" class=\"wp-block-post-featured-image\"><a href=\"https:\/\/monctonhomebuilders.com\/fr\/access-to-mortgage-financing-a-growing-problem-for-home-buyers\/\" target=\"_self\"  ><img loading=\"lazy\" decoding=\"async\" width=\"1568\" height=\"1046\" src=\"https:\/\/monctonhomebuilders.com\/wp-content\/uploads\/2024\/01\/iStock-848549422-1568x1046.jpg\" class=\"attachment-post-thumbnail size-post-thumbnail wp-post-image\" alt=\"Access to Mortgage Financing a Growing Problem for Home Buyers\" style=\"width:100%;height:66.76%;max-width:2560px;width:100%;height:100%;object-fit:cover;\" srcset=\"https:\/\/monctonhomebuilders.com\/wp-content\/uploads\/2024\/01\/iStock-848549422-1568x1046.jpg 1568w, https:\/\/monctonhomebuilders.com\/wp-content\/uploads\/2024\/01\/iStock-848549422-300x200.jpg 300w, https:\/\/monctonhomebuilders.com\/wp-content\/uploads\/2024\/01\/iStock-848549422-1024x683.jpg 1024w, https:\/\/monctonhomebuilders.com\/wp-content\/uploads\/2024\/01\/iStock-848549422-768x513.jpg 768w, https:\/\/monctonhomebuilders.com\/wp-content\/uploads\/2024\/01\/iStock-848549422-1536x1025.jpg 1536w, https:\/\/monctonhomebuilders.com\/wp-content\/uploads\/2024\/01\/iStock-848549422-2048x1367.jpg 2048w\" sizes=\"auto, (max-width: 1568px) 100vw, 1568px\" \/><\/a><\/figure>\n\n<h2 style=\"text-transform:uppercase;\" class=\"wp-block-post-title has-small-font-size\"><a href=\"https:\/\/monctonhomebuilders.com\/fr\/access-to-mortgage-financing-a-growing-problem-for-home-buyers\/\" target=\"_self\" >Access to Mortgage Financing a Growing Problem for Home Buyers<\/a><\/h2>\n\n<div class=\"wp-block-post-date\"><time datetime=\"2019-05-30T17:13:00+00:00\">30 mai 2019<\/time><\/div>\n\n<div style=\"padding-top:0;padding-bottom:0;\" class=\"wp-block-post-excerpt has-extra-small-font-size\"><p class=\"wp-block-post-excerpt__excerpt\">The (CHBA) recently surveyed its home builder and developer members across Canada to assess the impact of the federal government\u2019s mortgage stress test, introduced just over one year ago. The survey results point to growing consumer difficulties when it comes\u2026<\/p><p class=\"wp-block-post-excerpt__more-text\"><a class=\"wp-block-post-excerpt__more-link\" href=\"https:\/\/monctonhomebuilders.com\/fr\/access-to-mortgage-financing-a-growing-problem-for-home-buyers\/\"><strong>EN SAVOIR PLUS&#8230;<\/strong><\/a><\/p><\/div><\/div><\/div>\n\n<\/li><li class=\"wp-block-post post-559 post type-post status-publish format-standard has-post-thumbnail hentry category-non-classifiee entry\">\n\n<div class=\"wp-block-group is-style-default has-extra-small-font-size\" style=\"padding-top:30px;padding-right:10px;padding-bottom:30px;padding-left:10px\"><div class=\"wp-block-group__inner-container is-layout-constrained wp-container-core-group-is-layout-66640cd5 wp-block-group-is-layout-constrained\"><figure style=\"aspect-ratio:3\/2;\" class=\"wp-block-post-featured-image\"><a href=\"https:\/\/monctonhomebuilders.com\/fr\/more-details-released-about-first-time-home-buyer-incentive\/\" target=\"_self\"  ><img loading=\"lazy\" decoding=\"async\" width=\"1568\" height=\"1046\" src=\"https:\/\/monctonhomebuilders.com\/wp-content\/uploads\/2024\/01\/iStock-848549328-1568x1046.jpg\" class=\"attachment-post-thumbnail size-post-thumbnail wp-post-image\" alt=\"More Details Released about First-Time Home Buyer Incentive\" style=\"width:100%;height:66.72%;max-width:2500px;width:100%;height:100%;object-fit:cover;\" srcset=\"https:\/\/monctonhomebuilders.com\/wp-content\/uploads\/2024\/01\/iStock-848549328-1568x1046.jpg 1568w, https:\/\/monctonhomebuilders.com\/wp-content\/uploads\/2024\/01\/iStock-848549328-300x200.jpg 300w, https:\/\/monctonhomebuilders.com\/wp-content\/uploads\/2024\/01\/iStock-848549328-1024x683.jpg 1024w, https:\/\/monctonhomebuilders.com\/wp-content\/uploads\/2024\/01\/iStock-848549328-768x512.jpg 768w, https:\/\/monctonhomebuilders.com\/wp-content\/uploads\/2024\/01\/iStock-848549328-1536x1025.jpg 1536w, https:\/\/monctonhomebuilders.com\/wp-content\/uploads\/2024\/01\/iStock-848549328-2048x1366.jpg 2048w\" sizes=\"auto, (max-width: 1568px) 100vw, 1568px\" \/><\/a><\/figure>\n\n<h2 style=\"text-transform:uppercase;\" class=\"wp-block-post-title has-small-font-size\"><a href=\"https:\/\/monctonhomebuilders.com\/fr\/more-details-released-about-first-time-home-buyer-incentive\/\" target=\"_self\" >More Details Released about First-Time Home Buyer Incentive<\/a><\/h2>\n\n<div class=\"wp-block-post-date\"><time datetime=\"2019-05-30T16:25:00+00:00\">30 mai 2019<\/time><\/div>\n\n<div style=\"padding-top:0;padding-bottom:0;\" class=\"wp-block-post-excerpt has-extra-small-font-size\"><p class=\"wp-block-post-excerpt__excerpt\">The Government of Canada has announced new details about their shared equity mortgage program, dubbed the First-Time Home Buyer Incentive, and indicated the program will officially launch on September 2nd. Having a firm launch date will provide much-needed certainty about\u2026<\/p><p class=\"wp-block-post-excerpt__more-text\"><a class=\"wp-block-post-excerpt__more-link\" href=\"https:\/\/monctonhomebuilders.com\/fr\/more-details-released-about-first-time-home-buyer-incentive\/\"><strong>EN SAVOIR PLUS&#8230;<\/strong><\/a><\/p><\/div><\/div><\/div>\n\n<\/li><\/ul><\/div>\n<\/div>\n","protected":false},"excerpt":{"rendered":"<p>Greater Moncton\u2019s residential construction professionals are building an environment for affordability, quality and choice in housing.<\/p>\n","protected":false},"author":1,"featured_media":0,"parent":0,"menu_order":0,"comment_status":"closed","ping_status":"closed","template":"","meta":{"footnotes":""},"class_list":["post-51","page","type-page","status-publish","hentry","entry"],"_links":{"self":[{"href":"https:\/\/monctonhomebuilders.com\/fr\/wp-json\/wp\/v2\/pages\/51","targetHints":{"allow":["GET"]}}],"collection":[{"href":"https:\/\/monctonhomebuilders.com\/fr\/wp-json\/wp\/v2\/pages"}],"about":[{"href":"https:\/\/monctonhomebuilders.com\/fr\/wp-json\/wp\/v2\/types\/page"}],"author":[{"embeddable":true,"href":"https:\/\/monctonhomebuilders.com\/fr\/wp-json\/wp\/v2\/users\/1"}],"replies":[{"embeddable":true,"href":"https:\/\/monctonhomebuilders.com\/fr\/wp-json\/wp\/v2\/comments?post=51"}],"version-history":[{"count":33,"href":"https:\/\/monctonhomebuilders.com\/fr\/wp-json\/wp\/v2\/pages\/51\/revisions"}],"predecessor-version":[{"id":1594,"href":"https:\/\/monctonhomebuilders.com\/fr\/wp-json\/wp\/v2\/pages\/51\/revisions\/1594"}],"wp:attachment":[{"href":"https:\/\/monctonhomebuilders.com\/fr\/wp-json\/wp\/v2\/media?parent=51"}],"curies":[{"name":"wp","href":"https:\/\/api.w.org\/{rel}","templated":true}]}}