{"id":54,"date":"2023-12-29T18:01:33","date_gmt":"2023-12-29T18:01:33","guid":{"rendered":"https:\/\/www.monctonhomebuilders.coma-propos-de-nous\/"},"modified":"2024-03-27T10:57:19","modified_gmt":"2024-03-27T10:57:19","slug":"a-propos-de-nous","status":"publish","type":"page","link":"https:\/\/monctonhomebuilders.com\/fr\/a-propos-de-nous\/","title":{"rendered":"\u00c0 propos de nous"},"content":{"rendered":"\n<p><strong>L&rsquo;ASSOCIATION DES CONSTRUCTEURS D&rsquo;HABITATIONS DU GRAND MONCTON &amp; SALON DE L&rsquo;HABITATION DU GRAND MONCTON<\/strong><br>L&rsquo;Association des constructeurs d&rsquo;habitations du Grand Moncton (ACMGM) a \u00e9t\u00e9 fond\u00e9e en 1973 et constitu\u00e9e en 1977 comme association sans but lucratif de l&rsquo;industrie comprenant des constructeurs, des r\u00e9novateurs, des promoteurs, des fabricants, des fournisseurs, des repr\u00e9sentants de services publics, des pr\u00eateurs hypoth\u00e9caires, des agents immobiliers, des architectes, des repr\u00e9sentants du gouvernement, des professionnels et d&rsquo;autres intervenants de l&rsquo;industrie de la construction r\u00e9sidentielle. L&rsquo;ACHGM est l&rsquo;organisme local membre de l&rsquo;ACCH-NB qui est l&rsquo;association provinciale. Trois autres organismes locaux sont situ\u00e9s \u00e0 Saint John, Fredericton et Sussex et son district.<\/p>\n\n\n\n<p><br>Le salon de l&rsquo;habitation du GrandMoncton offre 75 000 pieds carr\u00e9s d&rsquo;espace de premi\u00e8re qualit\u00e9 dans la meilleure installation et la mieux \u00e9quip\u00e9e au Canada atlantique avec plus de 165 stands et grands espaces pour exposer et pr\u00e9senter vos produits et services.<br>Vous ne voulez pas manquer ce salon renouvel\u00e9. Le public et les exposants seront trait\u00e9s \u00e0 des conseils de professionnels locaux exp\u00e9riment\u00e9s qui peuvent vous aider avec vos projets de construction, de remodelage et de r\u00e9novation. Vous verrez \u00e9galement certaines des ressources de construction, techniques de produits et technologies les plus modernes que l&rsquo;industrie a \u00e0 offrir.<\/p>\n","protected":false},"excerpt":{"rendered":"<p>L&rsquo;ASSOCIATION DES CONSTRUCTEURS D&rsquo;HABITATIONS DU GRAND MONCTON &amp; SALON DE L&rsquo;HABITATION DU GRAND MONCTONL&rsquo;Association des constructeurs d&rsquo;habitations du Grand Moncton (ACMGM) a \u00e9t\u00e9 fond\u00e9e en 1973 et constitu\u00e9e en 1977 comme association sans but lucratif de l&rsquo;industrie comprenant des constructeurs, des r\u00e9novateurs, des promoteurs, des fabricants, des fournisseurs, des repr\u00e9sentants de services publics, des pr\u00eateurs&hellip; <a class=\"more-link\" href=\"https:\/\/monctonhomebuilders.com\/fr\/a-propos-de-nous\/\">Poursuivre la lecture <span class=\"screen-reader-text\">\u00c0 propos de nous<\/span><\/a><\/p>\n","protected":false},"author":1,"featured_media":0,"parent":0,"menu_order":0,"comment_status":"closed","ping_status":"closed","template":"","meta":{"footnotes":""},"class_list":["post-54","page","type-page","status-publish","hentry","entry"],"_links":{"self":[{"href":"https:\/\/monctonhomebuilders.com\/fr\/wp-json\/wp\/v2\/pages\/54","targetHints":{"allow":["GET"]}}],"collection":[{"href":"https:\/\/monctonhomebuilders.com\/fr\/wp-json\/wp\/v2\/pages"}],"about":[{"href":"https:\/\/monctonhomebuilders.com\/fr\/wp-json\/wp\/v2\/types\/page"}],"author":[{"embeddable":true,"href":"https:\/\/monctonhomebuilders.com\/fr\/wp-json\/wp\/v2\/users\/1"}],"replies":[{"embeddable":true,"href":"https:\/\/monctonhomebuilders.com\/fr\/wp-json\/wp\/v2\/comments?post=54"}],"version-history":[{"count":1,"href":"https:\/\/monctonhomebuilders.com\/fr\/wp-json\/wp\/v2\/pages\/54\/revisions"}],"predecessor-version":[{"id":1327,"href":"https:\/\/monctonhomebuilders.com\/fr\/wp-json\/wp\/v2\/pages\/54\/revisions\/1327"}],"wp:attachment":[{"href":"https:\/\/monctonhomebuilders.com\/fr\/wp-json\/wp\/v2\/media?parent=54"}],"curies":[{"name":"wp","href":"https:\/\/api.w.org\/{rel}","templated":true}]}}